{"id":9008,"date":"2021-06-30T07:59:28","date_gmt":"2021-05-24T17:58:37","guid":{"rendered":"http:\/\/alepposhop.eu\/product\/unkategorisiert\/muskatnuss-ganz\/"},"modified":"2024-12-12T01:31:37","modified_gmt":"2024-12-12T00:31:37","slug":"muskatnuss-ganz","status":"publish","type":"product","link":"https:\/\/alepposhop.eu\/de\/muskatnuss-ganz\/","title":{"rendered":"Muskatnuss (ganz)"},"content":{"rendered":"<p style=\"text-align: center\">\u00a0Gewicht : 100 g<\/p>\n<p style=\"text-align: center\">Muskatnuss hat viele ern\u00e4hrungsphysiologische Verwendungsm\u00f6glichkeiten, da sie sich durch ihr unverwechselbares Aroma und ihren aromatischen Geschmack auszeichnet. Sie wird als Gew\u00fcrz verwendet und verleiht Gerichten einen unverwechselbaren, s\u00e4uerlichen und s\u00fc\u00dfen Geschmack. Es wird auch bei der Herstellung einiger Backwaren, Kuchen, S\u00fc\u00dfigkeiten und W\u00fcrzsaucen verwendet.<\/p>\n<p style=\"text-align: center\">\n","protected":false},"excerpt":{"rendered":"<p>Tayeb-Liebe, Gew\u00fcrze, Gew\u00fcrze<\/p>\n","protected":false},"featured_media":6323,"template":"","meta":[],"product_brand":[],"product_cat":[69],"product_tag":[],"class_list":{"0":"post-9008","1":"product","2":"type-product","3":"status-publish","4":"has-post-thumbnail","6":"product_cat-gewurze-und-wurzen","8":"first","9":"instock","10":"taxable","11":"shipping-taxable","12":"purchasable","13":"product-type-simple"},"_links":{"self":[{"href":"https:\/\/alepposhop.eu\/de\/wp-json\/wp\/v2\/product\/9008"}],"collection":[{"href":"https:\/\/alepposhop.eu\/de\/wp-json\/wp\/v2\/product"}],"about":[{"href":"https:\/\/alepposhop.eu\/de\/wp-json\/wp\/v2\/types\/product"}],"wp:featuredmedia":[{"embeddable":true,"href":"https:\/\/alepposhop.eu\/de\/wp-json\/wp\/v2\/media\/6323"}],"wp:attachment":[{"href":"https:\/\/alepposhop.eu\/de\/wp-json\/wp\/v2\/media?parent=9008"}],"wp:term":[{"taxonomy":"product_brand","embeddable":true,"href":"https:\/\/alepposhop.eu\/de\/wp-json\/wp\/v2\/product_brand?post=9008"},{"taxonomy":"product_cat","embeddable":true,"href":"https:\/\/alepposhop.eu\/de\/wp-json\/wp\/v2\/product_cat?post=9008"},{"taxonomy":"product_tag","embeddable":true,"href":"https:\/\/alepposhop.eu\/de\/wp-json\/wp\/v2\/product_tag?post=9008"}],"curies":[{"name":"wp","href":"https:\/\/api.w.org\/{rel}","templated":true}]}}