{"id":9012,"date":"2021-06-16T12:36:54","date_gmt":"2021-06-28T00:22:30","guid":{"rendered":"http:\/\/alepposhop.eu\/product\/unkategorisiert\/nigella-sativa\/"},"modified":"2024-12-04T13:30:01","modified_gmt":"2024-12-04T12:30:01","slug":"nigella-sativa","status":"publish","type":"product","link":"https:\/\/alepposhop.eu\/de\/nigella-sativa\/","title":{"rendered":"Nigella Sativa (Schwarzk\u00fcmmel)"},"content":{"rendered":"<p style=\"text-align: center\">Gewicht: 100 g<\/p>\n<p style=\"text-align: center\">Nigella Sativa (Schwarzk\u00fcmmel) wird in vielen Rezepten verwendet, sowohl in Lebensmittelrezepten als auch in medizinischen Rezepten.<\/p>\n","protected":false},"excerpt":{"rendered":"<p>Wildleder, Teich, Gew\u00fcrz, Gew\u00fcrze, Gew\u00fcrze<\/p>\n","protected":false},"featured_media":6327,"template":"","meta":[],"product_brand":[],"product_cat":[69],"product_tag":[],"class_list":{"0":"post-9012","1":"product","2":"type-product","3":"status-publish","4":"has-post-thumbnail","6":"product_cat-gewurze-und-wurzen","8":"first","9":"instock","10":"taxable","11":"shipping-taxable","12":"purchasable","13":"product-type-simple"},"_links":{"self":[{"href":"https:\/\/alepposhop.eu\/de\/wp-json\/wp\/v2\/product\/9012"}],"collection":[{"href":"https:\/\/alepposhop.eu\/de\/wp-json\/wp\/v2\/product"}],"about":[{"href":"https:\/\/alepposhop.eu\/de\/wp-json\/wp\/v2\/types\/product"}],"wp:featuredmedia":[{"embeddable":true,"href":"https:\/\/alepposhop.eu\/de\/wp-json\/wp\/v2\/media\/6327"}],"wp:attachment":[{"href":"https:\/\/alepposhop.eu\/de\/wp-json\/wp\/v2\/media?parent=9012"}],"wp:term":[{"taxonomy":"product_brand","embeddable":true,"href":"https:\/\/alepposhop.eu\/de\/wp-json\/wp\/v2\/product_brand?post=9012"},{"taxonomy":"product_cat","embeddable":true,"href":"https:\/\/alepposhop.eu\/de\/wp-json\/wp\/v2\/product_cat?post=9012"},{"taxonomy":"product_tag","embeddable":true,"href":"https:\/\/alepposhop.eu\/de\/wp-json\/wp\/v2\/product_tag?post=9012"}],"curies":[{"name":"wp","href":"https:\/\/api.w.org\/{rel}","templated":true}]}}