{"id":9016,"date":"2021-05-30T16:34:22","date_gmt":"2021-05-26T03:03:56","guid":{"rendered":"http:\/\/alepposhop.eu\/product\/unkategorisiert\/berg-wild-thymiane\/"},"modified":"2024-12-03T22:20:24","modified_gmt":"2024-12-03T21:20:24","slug":"berg-wild-thymiane","status":"publish","type":"product","link":"https:\/\/alepposhop.eu\/de\/berg-wild-thymiane\/","title":{"rendered":"Wilder Bergthymian"},"content":{"rendered":"<p style=\"text-align: center\">\u00a0Gewicht : 100 g<\/p>\n<p style=\"text-align: center\">Thymian ist ein immergr\u00fcnes Kraut, das f\u00fcr kulinarische und medizinische Zwecke verwendet wird<br \/>\nEine M\u00f6glichkeit, Thymian zu verzehren, besteht darin, daraus Tee zuzubereiten. Dazu k\u00f6nnen frische Thymianbl\u00e4tter, getrockneter Thymian oder gemahlenes Thymianpulver verwendet werden.<\/p>\n<p style=\"text-align: center\">\n","protected":false},"excerpt":{"rendered":"<p>Rei\u00dfverschluss, gr\u00fcner Thymian, Gew\u00fcrze, Gew\u00fcrze, Zaatar<\/p>\n","protected":false},"featured_media":6331,"template":"","meta":[],"product_brand":[],"product_cat":[69],"product_tag":[],"class_list":{"0":"post-9016","1":"product","2":"type-product","3":"status-publish","4":"has-post-thumbnail","6":"product_cat-gewurze-und-wurzen","8":"first","9":"instock","10":"taxable","11":"shipping-taxable","12":"purchasable","13":"product-type-simple"},"_links":{"self":[{"href":"https:\/\/alepposhop.eu\/de\/wp-json\/wp\/v2\/product\/9016"}],"collection":[{"href":"https:\/\/alepposhop.eu\/de\/wp-json\/wp\/v2\/product"}],"about":[{"href":"https:\/\/alepposhop.eu\/de\/wp-json\/wp\/v2\/types\/product"}],"wp:featuredmedia":[{"embeddable":true,"href":"https:\/\/alepposhop.eu\/de\/wp-json\/wp\/v2\/media\/6331"}],"wp:attachment":[{"href":"https:\/\/alepposhop.eu\/de\/wp-json\/wp\/v2\/media?parent=9016"}],"wp:term":[{"taxonomy":"product_brand","embeddable":true,"href":"https:\/\/alepposhop.eu\/de\/wp-json\/wp\/v2\/product_brand?post=9016"},{"taxonomy":"product_cat","embeddable":true,"href":"https:\/\/alepposhop.eu\/de\/wp-json\/wp\/v2\/product_cat?post=9016"},{"taxonomy":"product_tag","embeddable":true,"href":"https:\/\/alepposhop.eu\/de\/wp-json\/wp\/v2\/product_tag?post=9016"}],"curies":[{"name":"wp","href":"https:\/\/api.w.org\/{rel}","templated":true}]}}