{"id":9020,"date":"2021-06-10T15:26:08","date_gmt":"2021-07-28T08:21:15","guid":{"rendered":"http:\/\/alepposhop.eu\/product\/unkategorisiert\/sieben-arabische-gewuerze\/"},"modified":"2024-12-18T00:04:22","modified_gmt":"2024-12-17T23:04:22","slug":"sieben-arabische-gewuerze","status":"publish","type":"product","link":"https:\/\/alepposhop.eu\/de\/sieben-arabische-gewuerze\/","title":{"rendered":"Sieben Aleppo Gew\u00fcrze"},"content":{"rendered":"<p style=\"text-align: center\">\u00a0Gewicht : 100 g<\/p>\n<p style=\"text-align: center\">Aleppo-Gew\u00fcrz ist eine Mischung aus sieben Gew\u00fcrzarten mit aromatischen Aromen und kr\u00e4ftigen, unverwechselbaren Aromen. Es wird zum W\u00fcrzen von Fleisch und H\u00fchnchen verwendet, um ihm einen unverwechselbaren Geschmack zu verleihen.<\/p>\n<p style=\"text-align: center\">\n","protected":false},"excerpt":{"rendered":"<p>Sieben Gew\u00fcrze, Gew\u00fcrze, Gew\u00fcrze<\/p>\n","protected":false},"featured_media":6335,"template":"","meta":[],"product_brand":[],"product_cat":[69],"product_tag":[],"class_list":{"0":"post-9020","1":"product","2":"type-product","3":"status-publish","4":"has-post-thumbnail","6":"product_cat-gewurze-und-wurzen","8":"first","9":"instock","10":"taxable","11":"shipping-taxable","12":"purchasable","13":"product-type-simple"},"_links":{"self":[{"href":"https:\/\/alepposhop.eu\/de\/wp-json\/wp\/v2\/product\/9020"}],"collection":[{"href":"https:\/\/alepposhop.eu\/de\/wp-json\/wp\/v2\/product"}],"about":[{"href":"https:\/\/alepposhop.eu\/de\/wp-json\/wp\/v2\/types\/product"}],"wp:featuredmedia":[{"embeddable":true,"href":"https:\/\/alepposhop.eu\/de\/wp-json\/wp\/v2\/media\/6335"}],"wp:attachment":[{"href":"https:\/\/alepposhop.eu\/de\/wp-json\/wp\/v2\/media?parent=9020"}],"wp:term":[{"taxonomy":"product_brand","embeddable":true,"href":"https:\/\/alepposhop.eu\/de\/wp-json\/wp\/v2\/product_brand?post=9020"},{"taxonomy":"product_cat","embeddable":true,"href":"https:\/\/alepposhop.eu\/de\/wp-json\/wp\/v2\/product_cat?post=9020"},{"taxonomy":"product_tag","embeddable":true,"href":"https:\/\/alepposhop.eu\/de\/wp-json\/wp\/v2\/product_tag?post=9020"}],"curies":[{"name":"wp","href":"https:\/\/api.w.org\/{rel}","templated":true}]}}