{"id":9024,"date":"2021-07-01T09:17:39","date_gmt":"2021-06-06T00:37:52","guid":{"rendered":"http:\/\/alepposhop.eu\/product\/unkategorisiert\/sumaksamen\/"},"modified":"2024-12-18T00:00:13","modified_gmt":"2024-12-17T23:00:13","slug":"sumaksamen","status":"publish","type":"product","link":"https:\/\/alepposhop.eu\/de\/sumaksamen\/","title":{"rendered":"Sumachk\u00f6rne"},"content":{"rendered":"<p style=\"text-align: center\">\u00a0Gewicht : 100 g<\/p>\n<p style=\"text-align: center\">Sumach gilt als eine Pflanze, die sich durch ihren Anbau in Syrien und Pal\u00e4stina auszeichnet. Sie wird auch in einigen bekannten arabischen Gerichten wie Kebab und Falafel sowie in Salat und Hummus verwendet.<\/p>\n<p style=\"text-align: center\">\n","protected":false},"excerpt":{"rendered":"<p>Samaq, Gipfel, Liebe, Gew\u00fcrz, Gew\u00fcrze, Gew\u00fcrze<\/p>\n","protected":false},"featured_media":6339,"template":"","meta":[],"product_brand":[],"product_cat":[69],"product_tag":[],"class_list":{"0":"post-9024","1":"product","2":"type-product","3":"status-publish","4":"has-post-thumbnail","6":"product_cat-gewurze-und-wurzen","8":"first","9":"instock","10":"taxable","11":"shipping-taxable","12":"purchasable","13":"product-type-simple"},"_links":{"self":[{"href":"https:\/\/alepposhop.eu\/de\/wp-json\/wp\/v2\/product\/9024"}],"collection":[{"href":"https:\/\/alepposhop.eu\/de\/wp-json\/wp\/v2\/product"}],"about":[{"href":"https:\/\/alepposhop.eu\/de\/wp-json\/wp\/v2\/types\/product"}],"wp:featuredmedia":[{"embeddable":true,"href":"https:\/\/alepposhop.eu\/de\/wp-json\/wp\/v2\/media\/6339"}],"wp:attachment":[{"href":"https:\/\/alepposhop.eu\/de\/wp-json\/wp\/v2\/media?parent=9024"}],"wp:term":[{"taxonomy":"product_brand","embeddable":true,"href":"https:\/\/alepposhop.eu\/de\/wp-json\/wp\/v2\/product_brand?post=9024"},{"taxonomy":"product_cat","embeddable":true,"href":"https:\/\/alepposhop.eu\/de\/wp-json\/wp\/v2\/product_cat?post=9024"},{"taxonomy":"product_tag","embeddable":true,"href":"https:\/\/alepposhop.eu\/de\/wp-json\/wp\/v2\/product_tag?post=9024"}],"curies":[{"name":"wp","href":"https:\/\/api.w.org\/{rel}","templated":true}]}}