{"id":9028,"date":"2021-05-23T16:05:05","date_gmt":"2021-05-19T19:28:42","guid":{"rendered":"http:\/\/alepposhop.eu\/product\/unkategorisiert\/masse-sumac\/"},"modified":"2024-12-03T21:10:32","modified_gmt":"2024-12-03T20:10:32","slug":"masse-sumac","status":"publish","type":"product","link":"https:\/\/alepposhop.eu\/de\/masse-sumac\/","title":{"rendered":"Gemahlener Sumach"},"content":{"rendered":"<p style=\"text-align: center\">\u00a0Gewicht : 100 g<\/p>\n<p style=\"text-align: center\">Sumach gilt als eine Pflanze, die sich durch ihren Anbau in Syrien und Pal\u00e4stina auszeichnet. Sie wird auch in einigen bekannten arabischen Gerichten wie Kebab und Falafel sowie in Salat und Hummus verwendet.<\/p>\n<p style=\"text-align: center\">\n","protected":false},"excerpt":{"rendered":"<p>Gipfel, Samqa, Massen, Gew\u00fcrze, Gew\u00fcrze, Gew\u00fcrze<\/p>\n","protected":false},"featured_media":6343,"template":"","meta":[],"product_brand":[],"product_cat":[69],"product_tag":[],"class_list":{"0":"post-9028","1":"product","2":"type-product","3":"status-publish","4":"has-post-thumbnail","6":"product_cat-gewurze-und-wurzen","8":"first","9":"instock","10":"taxable","11":"shipping-taxable","12":"purchasable","13":"product-type-simple"},"_links":{"self":[{"href":"https:\/\/alepposhop.eu\/de\/wp-json\/wp\/v2\/product\/9028"}],"collection":[{"href":"https:\/\/alepposhop.eu\/de\/wp-json\/wp\/v2\/product"}],"about":[{"href":"https:\/\/alepposhop.eu\/de\/wp-json\/wp\/v2\/types\/product"}],"wp:featuredmedia":[{"embeddable":true,"href":"https:\/\/alepposhop.eu\/de\/wp-json\/wp\/v2\/media\/6343"}],"wp:attachment":[{"href":"https:\/\/alepposhop.eu\/de\/wp-json\/wp\/v2\/media?parent=9028"}],"wp:term":[{"taxonomy":"product_brand","embeddable":true,"href":"https:\/\/alepposhop.eu\/de\/wp-json\/wp\/v2\/product_brand?post=9028"},{"taxonomy":"product_cat","embeddable":true,"href":"https:\/\/alepposhop.eu\/de\/wp-json\/wp\/v2\/product_cat?post=9028"},{"taxonomy":"product_tag","embeddable":true,"href":"https:\/\/alepposhop.eu\/de\/wp-json\/wp\/v2\/product_tag?post=9028"}],"curies":[{"name":"wp","href":"https:\/\/api.w.org\/{rel}","templated":true}]}}