{"id":9036,"date":"2021-07-28T06:07:01","date_gmt":"2021-05-22T01:29:45","guid":{"rendered":"http:\/\/alepposhop.eu\/product\/unkategorisiert\/gemahlener-fenchel\/"},"modified":"2024-12-04T12:39:50","modified_gmt":"2024-12-04T11:39:50","slug":"gemahlener-fenchel","status":"publish","type":"product","link":"https:\/\/alepposhop.eu\/de\/gemahlener-fenchel\/","title":{"rendered":"Gemahlener Fenchel"},"content":{"rendered":"<p style=\"text-align: center\">\u00a0Gewicht : 100 g<\/p>\n<p style=\"text-align: center\">Fenchel ist eine aromatische Pflanze, deren \u00d6l einen starken, scharfen Geschmack hat. Er wird zum W\u00fcrzen von Speisen wie Fleisch und H\u00fchnchen verwendet. Er wird haupts\u00e4chlich zum W\u00fcrzen von syrischem Geb\u00e4ck und S\u00fc\u00dfigkeiten wie Kleicha und Maamoul verwendet.<\/p>\n<p style=\"text-align: center\">\n","protected":false},"excerpt":{"rendered":"<p>Shamra, Gew\u00fcrze, Gew\u00fcrze<\/p>\n","protected":false},"featured_media":6351,"template":"","meta":[],"product_brand":[],"product_cat":[69],"product_tag":[],"class_list":{"0":"post-9036","1":"product","2":"type-product","3":"status-publish","4":"has-post-thumbnail","6":"product_cat-gewurze-und-wurzen","8":"first","9":"instock","10":"taxable","11":"shipping-taxable","12":"purchasable","13":"product-type-simple"},"_links":{"self":[{"href":"https:\/\/alepposhop.eu\/de\/wp-json\/wp\/v2\/product\/9036"}],"collection":[{"href":"https:\/\/alepposhop.eu\/de\/wp-json\/wp\/v2\/product"}],"about":[{"href":"https:\/\/alepposhop.eu\/de\/wp-json\/wp\/v2\/types\/product"}],"wp:featuredmedia":[{"embeddable":true,"href":"https:\/\/alepposhop.eu\/de\/wp-json\/wp\/v2\/media\/6351"}],"wp:attachment":[{"href":"https:\/\/alepposhop.eu\/de\/wp-json\/wp\/v2\/media?parent=9036"}],"wp:term":[{"taxonomy":"product_brand","embeddable":true,"href":"https:\/\/alepposhop.eu\/de\/wp-json\/wp\/v2\/product_brand?post=9036"},{"taxonomy":"product_cat","embeddable":true,"href":"https:\/\/alepposhop.eu\/de\/wp-json\/wp\/v2\/product_cat?post=9036"},{"taxonomy":"product_tag","embeddable":true,"href":"https:\/\/alepposhop.eu\/de\/wp-json\/wp\/v2\/product_tag?post=9036"}],"curies":[{"name":"wp","href":"https:\/\/api.w.org\/{rel}","templated":true}]}}