{"id":9048,"date":"2021-06-03T18:23:28","date_gmt":"2021-07-07T19:18:33","guid":{"rendered":"http:\/\/alepposhop.eu\/product\/unkategorisiert\/paprika-heiss\/"},"modified":"2024-12-17T02:09:51","modified_gmt":"2024-12-17T01:09:51","slug":"paprika-heiss","status":"publish","type":"product","link":"https:\/\/alepposhop.eu\/de\/paprika-heiss\/","title":{"rendered":"Gemahlener Aleppo Chilli (Scharf)"},"content":{"rendered":"<p style=\"text-align: center\">\u00a0Gewicht : 100 g<\/p>\n<p style=\"text-align: center\">Aleppo-Pfeffer ist bekannt f\u00fcr seine dunkelrote Farbe und seinen s\u00fc\u00dfen oder w\u00fcrzigen Geschmack, der den Speisen einen angenehmen Geschmack verleiht. Dieser Pfeffer ist nach der Stadt Aleppo im Norden Syriens benannt, wo die Syrer die Pfefferk\u00f6rner nach Zugabe von Salz in der Sonne trocknen, sodass sich eine d\u00fcnne, salzige, klebrige Schicht auf ihnen bildet, und sie dann ebenfalls mahlen sehr fein oder grob.<\/p>\n<p style=\"text-align: center\">hausgemacht<\/p>\n","protected":false},"excerpt":{"rendered":"<p>Pfeffer Hudara, Roter Pfeffer Schaden, Paprika, Gew\u00fcrze, Gew\u00fcrze<\/p>\n","protected":false},"featured_media":6363,"template":"","meta":[],"product_brand":[],"product_cat":[69],"product_tag":[],"class_list":{"0":"post-9048","1":"product","2":"type-product","3":"status-publish","4":"has-post-thumbnail","6":"product_cat-gewurze-und-wurzen","8":"first","9":"instock","10":"taxable","11":"shipping-taxable","12":"purchasable","13":"product-type-simple"},"_links":{"self":[{"href":"https:\/\/alepposhop.eu\/de\/wp-json\/wp\/v2\/product\/9048"}],"collection":[{"href":"https:\/\/alepposhop.eu\/de\/wp-json\/wp\/v2\/product"}],"about":[{"href":"https:\/\/alepposhop.eu\/de\/wp-json\/wp\/v2\/types\/product"}],"wp:featuredmedia":[{"embeddable":true,"href":"https:\/\/alepposhop.eu\/de\/wp-json\/wp\/v2\/media\/6363"}],"wp:attachment":[{"href":"https:\/\/alepposhop.eu\/de\/wp-json\/wp\/v2\/media?parent=9048"}],"wp:term":[{"taxonomy":"product_brand","embeddable":true,"href":"https:\/\/alepposhop.eu\/de\/wp-json\/wp\/v2\/product_brand?post=9048"},{"taxonomy":"product_cat","embeddable":true,"href":"https:\/\/alepposhop.eu\/de\/wp-json\/wp\/v2\/product_cat?post=9048"},{"taxonomy":"product_tag","embeddable":true,"href":"https:\/\/alepposhop.eu\/de\/wp-json\/wp\/v2\/product_tag?post=9048"}],"curies":[{"name":"wp","href":"https:\/\/api.w.org\/{rel}","templated":true}]}}