{"id":9056,"date":"2021-07-17T07:34:40","date_gmt":"2021-07-17T07:27:52","guid":{"rendered":"http:\/\/alepposhop.eu\/product\/unkategorisiert\/zimtstangen\/"},"modified":"2024-12-12T01:49:33","modified_gmt":"2024-12-12T00:49:33","slug":"zimtstangen","status":"publish","type":"product","link":"https:\/\/alepposhop.eu\/de\/zimtstangen\/","title":{"rendered":"Zimtstangen"},"content":{"rendered":"<p style=\"text-align: center\">\u00a0Gewicht : 100 g<\/p>\n<p style=\"text-align: center\">Zimt geh\u00f6rt zu den starken Gew\u00fcrzen. Zimt wird aus der Rinde von Zimtb\u00e4umen gewonnen. Er zeichnet sich neben seiner Farbe, die der Farbe der Baumrinde \u00e4hnelt, durch sein starkes Aroma und seinen reichen Geschmack aus.<\/p>\n<p style=\"text-align: center\">\n","protected":false},"excerpt":{"rendered":"<p>Zimt, Zimt, Gew\u00fcrz, Gew\u00fcrze, Gew\u00fcrze<\/p>\n","protected":false},"featured_media":6371,"template":"","meta":[],"product_brand":[],"product_cat":[69],"product_tag":[],"class_list":{"0":"post-9056","1":"product","2":"type-product","3":"status-publish","4":"has-post-thumbnail","6":"product_cat-gewurze-und-wurzen","8":"first","9":"instock","10":"taxable","11":"shipping-taxable","12":"purchasable","13":"product-type-simple"},"_links":{"self":[{"href":"https:\/\/alepposhop.eu\/de\/wp-json\/wp\/v2\/product\/9056"}],"collection":[{"href":"https:\/\/alepposhop.eu\/de\/wp-json\/wp\/v2\/product"}],"about":[{"href":"https:\/\/alepposhop.eu\/de\/wp-json\/wp\/v2\/types\/product"}],"wp:featuredmedia":[{"embeddable":true,"href":"https:\/\/alepposhop.eu\/de\/wp-json\/wp\/v2\/media\/6371"}],"wp:attachment":[{"href":"https:\/\/alepposhop.eu\/de\/wp-json\/wp\/v2\/media?parent=9056"}],"wp:term":[{"taxonomy":"product_brand","embeddable":true,"href":"https:\/\/alepposhop.eu\/de\/wp-json\/wp\/v2\/product_brand?post=9056"},{"taxonomy":"product_cat","embeddable":true,"href":"https:\/\/alepposhop.eu\/de\/wp-json\/wp\/v2\/product_cat?post=9056"},{"taxonomy":"product_tag","embeddable":true,"href":"https:\/\/alepposhop.eu\/de\/wp-json\/wp\/v2\/product_tag?post=9056"}],"curies":[{"name":"wp","href":"https:\/\/api.w.org\/{rel}","templated":true}]}}