{"id":9076,"date":"2021-05-22T15:27:27","date_gmt":"2021-06-24T19:12:45","guid":{"rendered":"http:\/\/alepposhop.eu\/product\/unkategorisiert\/kreuzkuemmelsamen\/"},"modified":"2024-12-17T02:20:28","modified_gmt":"2024-12-17T01:20:28","slug":"kreuzkuemmelsamen","status":"publish","type":"product","link":"https:\/\/alepposhop.eu\/de\/kreuzkuemmelsamen\/","title":{"rendered":"Ganze Kreuzk\u00fcmmelsamen"},"content":{"rendered":"<p style=\"text-align: center\">Gewicht: 100 g<\/p>\n<p style=\"text-align: center\">Kreuzk\u00fcmmel ist eine krautige Pflanze, die reich an vielen N\u00e4hrstoffen ist und viele Verwendungsm\u00f6glichkeiten bietet. Seit der Antike wird er h\u00e4ufig als Gew\u00fcrz verwendet, das Speisen einen besonderen Geschmack verleiht, und als Quelle aromatischer \u00d6le. Au\u00dferdem tr\u00e4gt er zur Behandlung und Vorbeugung vieler gesundheitlicher Probleme bei.<\/p>\n<p style=\"text-align: center\">\n","protected":false},"excerpt":{"rendered":"<p>Liebesk\u00fcmmel, Gew\u00fcrze, Gew\u00fcrze<\/p>\n","protected":false},"featured_media":6391,"template":"","meta":[],"product_brand":[],"product_cat":[69],"product_tag":[],"class_list":{"0":"post-9076","1":"product","2":"type-product","3":"status-publish","4":"has-post-thumbnail","6":"product_cat-gewurze-und-wurzen","8":"first","9":"instock","10":"taxable","11":"shipping-taxable","12":"purchasable","13":"product-type-simple"},"_links":{"self":[{"href":"https:\/\/alepposhop.eu\/de\/wp-json\/wp\/v2\/product\/9076"}],"collection":[{"href":"https:\/\/alepposhop.eu\/de\/wp-json\/wp\/v2\/product"}],"about":[{"href":"https:\/\/alepposhop.eu\/de\/wp-json\/wp\/v2\/types\/product"}],"wp:featuredmedia":[{"embeddable":true,"href":"https:\/\/alepposhop.eu\/de\/wp-json\/wp\/v2\/media\/6391"}],"wp:attachment":[{"href":"https:\/\/alepposhop.eu\/de\/wp-json\/wp\/v2\/media?parent=9076"}],"wp:term":[{"taxonomy":"product_brand","embeddable":true,"href":"https:\/\/alepposhop.eu\/de\/wp-json\/wp\/v2\/product_brand?post=9076"},{"taxonomy":"product_cat","embeddable":true,"href":"https:\/\/alepposhop.eu\/de\/wp-json\/wp\/v2\/product_cat?post=9076"},{"taxonomy":"product_tag","embeddable":true,"href":"https:\/\/alepposhop.eu\/de\/wp-json\/wp\/v2\/product_tag?post=9076"}],"curies":[{"name":"wp","href":"https:\/\/api.w.org\/{rel}","templated":true}]}}