{"id":9084,"date":"2021-06-09T06:50:17","date_gmt":"2021-05-19T02:58:17","guid":{"rendered":"http:\/\/alepposhop.eu\/product\/unkategorisiert\/mahlab-cherry-spice\/"},"modified":"2024-12-05T22:29:31","modified_gmt":"2024-12-05T21:29:31","slug":"mahlab-cherry-spice","status":"publish","type":"product","link":"https:\/\/alepposhop.eu\/de\/mahlab-cherry-spice\/","title":{"rendered":"Gemahlener weichselkirsche"},"content":{"rendered":"<p style=\"text-align: center\">\u00a0Gewicht : 100 g<\/p>\n<p style=\"text-align: center\">Mahlab ist ein beliebtes Gew\u00fcrz im Levante-Gebiet und wird zum W\u00fcrzen verschiedener Gerichte und Desserts verwendet, von denen der \u201eMaamoul\u201c-Kuchen das ber\u00fchmteste ist.<\/p>\n","protected":false},"excerpt":{"rendered":"<p>Gegrillte Moschee, Wunder, W\u00e4sche, Gew\u00fcrze, Gew\u00fcrze<\/p>\n","protected":false},"featured_media":34628,"template":"","meta":[],"product_brand":[],"product_cat":[69],"product_tag":[],"class_list":{"0":"post-9084","1":"product","2":"type-product","3":"status-publish","4":"has-post-thumbnail","6":"product_cat-gewurze-und-wurzen","8":"first","9":"instock","10":"taxable","11":"shipping-taxable","12":"purchasable","13":"product-type-simple"},"_links":{"self":[{"href":"https:\/\/alepposhop.eu\/de\/wp-json\/wp\/v2\/product\/9084"}],"collection":[{"href":"https:\/\/alepposhop.eu\/de\/wp-json\/wp\/v2\/product"}],"about":[{"href":"https:\/\/alepposhop.eu\/de\/wp-json\/wp\/v2\/types\/product"}],"wp:featuredmedia":[{"embeddable":true,"href":"https:\/\/alepposhop.eu\/de\/wp-json\/wp\/v2\/media\/34628"}],"wp:attachment":[{"href":"https:\/\/alepposhop.eu\/de\/wp-json\/wp\/v2\/media?parent=9084"}],"wp:term":[{"taxonomy":"product_brand","embeddable":true,"href":"https:\/\/alepposhop.eu\/de\/wp-json\/wp\/v2\/product_brand?post=9084"},{"taxonomy":"product_cat","embeddable":true,"href":"https:\/\/alepposhop.eu\/de\/wp-json\/wp\/v2\/product_cat?post=9084"},{"taxonomy":"product_tag","embeddable":true,"href":"https:\/\/alepposhop.eu\/de\/wp-json\/wp\/v2\/product_tag?post=9084"}],"curies":[{"name":"wp","href":"https:\/\/api.w.org\/{rel}","templated":true}]}}