{"id":9088,"date":"2021-06-02T05:02:50","date_gmt":"2021-06-26T13:24:42","guid":{"rendered":"http:\/\/alepposhop.eu\/product\/unkategorisiert\/marjoram-spice\/"},"modified":"2024-12-12T01:13:16","modified_gmt":"2024-12-12T00:13:16","slug":"marjoram-spice","status":"publish","type":"product","link":"https:\/\/alepposhop.eu\/de\/marjoram-spice\/","title":{"rendered":"Majoran"},"content":{"rendered":"<p style=\"text-align: center\">\u00a0Gewicht : 100 g<\/p>\n<p style=\"text-align: center\">Majoran ist eine mehrj\u00e4hrige krautige Pflanze mit einem stark aromatischen Geruch. Sie wird in der Lebensmittelindustrie h\u00e4ufig als Gew\u00fcrz f\u00fcr Fleisch und Gem\u00fcse verwendet.<\/p>\n<p style=\"text-align: center\">\n","protected":false},"excerpt":{"rendered":"<p>Schalld\u00e4mpfer, Gew\u00fcrze, Gew\u00fcrze<\/p>\n","protected":false},"featured_media":6403,"template":"","meta":[],"product_brand":[],"product_cat":[69],"product_tag":[],"class_list":{"0":"post-9088","1":"product","2":"type-product","3":"status-publish","4":"has-post-thumbnail","6":"product_cat-gewurze-und-wurzen","8":"first","9":"instock","10":"taxable","11":"shipping-taxable","12":"purchasable","13":"product-type-simple"},"_links":{"self":[{"href":"https:\/\/alepposhop.eu\/de\/wp-json\/wp\/v2\/product\/9088"}],"collection":[{"href":"https:\/\/alepposhop.eu\/de\/wp-json\/wp\/v2\/product"}],"about":[{"href":"https:\/\/alepposhop.eu\/de\/wp-json\/wp\/v2\/types\/product"}],"wp:featuredmedia":[{"embeddable":true,"href":"https:\/\/alepposhop.eu\/de\/wp-json\/wp\/v2\/media\/6403"}],"wp:attachment":[{"href":"https:\/\/alepposhop.eu\/de\/wp-json\/wp\/v2\/media?parent=9088"}],"wp:term":[{"taxonomy":"product_brand","embeddable":true,"href":"https:\/\/alepposhop.eu\/de\/wp-json\/wp\/v2\/product_brand?post=9088"},{"taxonomy":"product_cat","embeddable":true,"href":"https:\/\/alepposhop.eu\/de\/wp-json\/wp\/v2\/product_cat?post=9088"},{"taxonomy":"product_tag","embeddable":true,"href":"https:\/\/alepposhop.eu\/de\/wp-json\/wp\/v2\/product_tag?post=9088"}],"curies":[{"name":"wp","href":"https:\/\/api.w.org\/{rel}","templated":true}]}}