{"id":9096,"date":"2021-06-25T16:42:34","date_gmt":"2021-07-23T21:17:24","guid":{"rendered":"http:\/\/alepposhop.eu\/product\/unkategorisiert\/minze-gewuerz\/"},"modified":"2024-12-18T00:08:10","modified_gmt":"2024-12-17T23:08:10","slug":"minze-gewuerz","status":"publish","type":"product","link":"https:\/\/alepposhop.eu\/de\/minze-gewuerz\/","title":{"rendered":"Zerkleinerte getrocknete Minze"},"content":{"rendered":"<p style=\"text-align: center\">Gewicht: 100 g<\/p>\n<p style=\"text-align: center\">Getrocknete Minze ist ein erfrischendes Gew\u00fcrz mit starkem Geschmack, das Gerichten und Salaten eine besondere Note verleiht.<\/p>\n<p style=\"text-align: center\">\n<p style=\"text-align: center\">\n","protected":false},"excerpt":{"rendered":"<p>Minze t\u00e4uschte schwere, gedeiratete trockene Trockner, geformt Trockner, Gew\u00fcrze, Gew\u00fcrze<\/p>\n","protected":false},"featured_media":6411,"template":"","meta":[],"product_brand":[],"product_cat":[69],"product_tag":[],"class_list":{"0":"post-9096","1":"product","2":"type-product","3":"status-publish","4":"has-post-thumbnail","6":"product_cat-gewurze-und-wurzen","8":"first","9":"instock","10":"taxable","11":"shipping-taxable","12":"purchasable","13":"product-type-simple"},"_links":{"self":[{"href":"https:\/\/alepposhop.eu\/de\/wp-json\/wp\/v2\/product\/9096"}],"collection":[{"href":"https:\/\/alepposhop.eu\/de\/wp-json\/wp\/v2\/product"}],"about":[{"href":"https:\/\/alepposhop.eu\/de\/wp-json\/wp\/v2\/types\/product"}],"wp:featuredmedia":[{"embeddable":true,"href":"https:\/\/alepposhop.eu\/de\/wp-json\/wp\/v2\/media\/6411"}],"wp:attachment":[{"href":"https:\/\/alepposhop.eu\/de\/wp-json\/wp\/v2\/media?parent=9096"}],"wp:term":[{"taxonomy":"product_brand","embeddable":true,"href":"https:\/\/alepposhop.eu\/de\/wp-json\/wp\/v2\/product_brand?post=9096"},{"taxonomy":"product_cat","embeddable":true,"href":"https:\/\/alepposhop.eu\/de\/wp-json\/wp\/v2\/product_cat?post=9096"},{"taxonomy":"product_tag","embeddable":true,"href":"https:\/\/alepposhop.eu\/de\/wp-json\/wp\/v2\/product_tag?post=9096"}],"curies":[{"name":"wp","href":"https:\/\/api.w.org\/{rel}","templated":true}]}}