{"id":9100,"date":"2021-07-17T13:05:19","date_gmt":"2021-05-24T07:03:36","guid":{"rendered":"http:\/\/alepposhop.eu\/product\/unkategorisiert\/kardamom-samen\/"},"modified":"2021-09-30T12:25:52","modified_gmt":"2021-09-30T10:25:52","slug":"kardamom-samen","status":"publish","type":"product","link":"https:\/\/alepposhop.eu\/de\/kardamom-samen\/","title":{"rendered":"Kardamom Samen"},"content":{"rendered":"<p style=\"text-align: center;\">\u00a0Gewicht : 100 g<\/p>\n<p style=\"text-align: center;\">Hull-Liebe, die f\u00fcr viele Gerichte in Kaffee und Tee verwendet wird, sowie ihre vielen Vorteile<\/p>\n<p style=\"text-align: center;\">\n","protected":false},"excerpt":{"rendered":"<p>Hull-Liebe, H\u00fcgel, Pflege, Gew\u00fcrz, Gew\u00fcrze<\/p>\n","protected":false},"featured_media":6415,"template":"","meta":[],"product_brand":[],"product_cat":[69],"product_tag":[],"class_list":{"0":"post-9100","1":"product","2":"type-product","3":"status-publish","4":"has-post-thumbnail","6":"product_cat-gewurze-und-wurzen","8":"first","9":"instock","10":"taxable","11":"shipping-taxable","12":"purchasable","13":"product-type-simple"},"_links":{"self":[{"href":"https:\/\/alepposhop.eu\/de\/wp-json\/wp\/v2\/product\/9100"}],"collection":[{"href":"https:\/\/alepposhop.eu\/de\/wp-json\/wp\/v2\/product"}],"about":[{"href":"https:\/\/alepposhop.eu\/de\/wp-json\/wp\/v2\/types\/product"}],"wp:featuredmedia":[{"embeddable":true,"href":"https:\/\/alepposhop.eu\/de\/wp-json\/wp\/v2\/media\/6415"}],"wp:attachment":[{"href":"https:\/\/alepposhop.eu\/de\/wp-json\/wp\/v2\/media?parent=9100"}],"wp:term":[{"taxonomy":"product_brand","embeddable":true,"href":"https:\/\/alepposhop.eu\/de\/wp-json\/wp\/v2\/product_brand?post=9100"},{"taxonomy":"product_cat","embeddable":true,"href":"https:\/\/alepposhop.eu\/de\/wp-json\/wp\/v2\/product_cat?post=9100"},{"taxonomy":"product_tag","embeddable":true,"href":"https:\/\/alepposhop.eu\/de\/wp-json\/wp\/v2\/product_tag?post=9100"}],"curies":[{"name":"wp","href":"https:\/\/api.w.org\/{rel}","templated":true}]}}