{"id":9112,"date":"2021-05-21T03:07:31","date_gmt":"2021-05-15T00:00:23","guid":{"rendered":"http:\/\/alepposhop.eu\/product\/unkategorisiert\/shami-blumen\/"},"modified":"2022-03-01T00:00:13","modified_gmt":"2022-02-28T23:00:13","slug":"shami-blumen","status":"publish","type":"product","link":"https:\/\/alepposhop.eu\/de\/shami-blumen\/","title":{"rendered":"Shami-Blumen"},"content":{"rendered":"<p style=\"text-align: center;\">\u00a0Gewicht : 85 g<\/p>\n<p style=\"text-align: center;\">Helfen, sich zu entspannen und die Vorteile der \u00f6ffentlichen Gesundheit zu haben<\/p>\n<p style=\"text-align: center;\">hausgemacht<\/p>\n","protected":false},"excerpt":{"rendered":"<p>Kamille Blumen, Schlangenblumen, Zitrone Blumen, Shami Rosen, China Bl\u00e4tter, gr\u00fcne Teebl\u00e4tter, Verhaltensproblem, Shamia<\/p>\n","protected":false},"featured_media":6427,"template":"","meta":[],"product_brand":[],"product_cat":[70],"product_tag":[],"class_list":{"0":"post-9112","1":"product","2":"type-product","3":"status-publish","4":"has-post-thumbnail","6":"product_cat-krauter-und-ptisan","8":"first","9":"outofstock","10":"taxable","11":"shipping-taxable","12":"purchasable","13":"product-type-simple"},"_links":{"self":[{"href":"https:\/\/alepposhop.eu\/de\/wp-json\/wp\/v2\/product\/9112"}],"collection":[{"href":"https:\/\/alepposhop.eu\/de\/wp-json\/wp\/v2\/product"}],"about":[{"href":"https:\/\/alepposhop.eu\/de\/wp-json\/wp\/v2\/types\/product"}],"wp:featuredmedia":[{"embeddable":true,"href":"https:\/\/alepposhop.eu\/de\/wp-json\/wp\/v2\/media\/6427"}],"wp:attachment":[{"href":"https:\/\/alepposhop.eu\/de\/wp-json\/wp\/v2\/media?parent=9112"}],"wp:term":[{"taxonomy":"product_brand","embeddable":true,"href":"https:\/\/alepposhop.eu\/de\/wp-json\/wp\/v2\/product_brand?post=9112"},{"taxonomy":"product_cat","embeddable":true,"href":"https:\/\/alepposhop.eu\/de\/wp-json\/wp\/v2\/product_cat?post=9112"},{"taxonomy":"product_tag","embeddable":true,"href":"https:\/\/alepposhop.eu\/de\/wp-json\/wp\/v2\/product_tag?post=9112"}],"curies":[{"name":"wp","href":"https:\/\/api.w.org\/{rel}","templated":true}]}}