{"id":9132,"date":"2021-07-29T12:37:04","date_gmt":"2021-05-13T22:52:11","guid":{"rendered":"http:\/\/alepposhop.eu\/product\/unkategorisiert\/gewicht-verlieren-mischkraeuter\/"},"modified":"2021-09-30T12:25:59","modified_gmt":"2021-09-30T10:25:59","slug":"gewicht-verlieren-mischkraeuter","status":"publish","type":"product","link":"https:\/\/alepposhop.eu\/de\/gewicht-verlieren-mischkraeuter\/","title":{"rendered":"Gewicht verlieren Mischkr\u00e4uter"},"content":{"rendered":"<p style=\"text-align: center;\">\u00a0Gewicht : 85 g<\/p>\n<p style=\"text-align: center;\">Nat\u00fcrliche Kr\u00e4uter und lebenswichtige Bl\u00fcten haben Vorteile beim Gewichtsverlust<\/p>\n<p style=\"text-align: center;\">\n","protected":false},"excerpt":{"rendered":"<p>Attar, kommerzielle Mischung, Kr\u00e4uter, Floating, Natural Mix<\/p>\n","protected":false},"featured_media":6447,"template":"","meta":[],"product_brand":[],"product_cat":[70],"product_tag":[],"class_list":{"0":"post-9132","1":"product","2":"type-product","3":"status-publish","4":"has-post-thumbnail","6":"product_cat-krauter-und-ptisan","8":"first","9":"outofstock","10":"taxable","11":"shipping-taxable","12":"purchasable","13":"product-type-simple"},"_links":{"self":[{"href":"https:\/\/alepposhop.eu\/de\/wp-json\/wp\/v2\/product\/9132"}],"collection":[{"href":"https:\/\/alepposhop.eu\/de\/wp-json\/wp\/v2\/product"}],"about":[{"href":"https:\/\/alepposhop.eu\/de\/wp-json\/wp\/v2\/types\/product"}],"wp:featuredmedia":[{"embeddable":true,"href":"https:\/\/alepposhop.eu\/de\/wp-json\/wp\/v2\/media\/6447"}],"wp:attachment":[{"href":"https:\/\/alepposhop.eu\/de\/wp-json\/wp\/v2\/media?parent=9132"}],"wp:term":[{"taxonomy":"product_brand","embeddable":true,"href":"https:\/\/alepposhop.eu\/de\/wp-json\/wp\/v2\/product_brand?post=9132"},{"taxonomy":"product_cat","embeddable":true,"href":"https:\/\/alepposhop.eu\/de\/wp-json\/wp\/v2\/product_cat?post=9132"},{"taxonomy":"product_tag","embeddable":true,"href":"https:\/\/alepposhop.eu\/de\/wp-json\/wp\/v2\/product_tag?post=9132"}],"curies":[{"name":"wp","href":"https:\/\/api.w.org\/{rel}","templated":true}]}}