{"id":9136,"date":"2021-07-05T08:16:19","date_gmt":"2021-06-04T02:48:56","guid":{"rendered":"http:\/\/alepposhop.eu\/product\/unkategorisiert\/gewicht-verlieren-mischkraeuter-2\/"},"modified":"2026-02-21T14:07:56","modified_gmt":"2026-02-21T13:07:56","slug":"gewicht-verlieren-mischkraeuter-2","status":"publish","type":"product","link":"https:\/\/alepposhop.eu\/de\/gewicht-verlieren-mischkraeuter-2\/","title":{"rendered":"Alataar Gewicht verlieren Mischkr\u00e4uter"},"content":{"rendered":"<p style=\"text-align: center\">\u00a0Gewicht : 85 g<\/p>\n<p style=\"text-align: center\">Nat\u00fcrliche Kr\u00e4uter und lebenswichtige Bl\u00fcten haben Vorteile beim Gewichtsverlust<\/p>\n<p style=\"text-align: center\">\n","protected":false},"excerpt":{"rendered":"<p>Attar, kommerzielle Mischung, Kr\u00e4uter, Floating, Natural Mix<\/p>\n","protected":false},"featured_media":6451,"template":"","meta":[],"product_brand":[],"product_cat":[70,2352],"product_tag":[],"class_list":{"0":"post-9136","1":"product","2":"type-product","3":"status-publish","4":"has-post-thumbnail","6":"product_cat-krauter-und-ptisan","7":"product_cat-warme-getraenke","9":"first","10":"instock","11":"taxable","12":"shipping-taxable","13":"purchasable","14":"product-type-simple"},"_links":{"self":[{"href":"https:\/\/alepposhop.eu\/de\/wp-json\/wp\/v2\/product\/9136"}],"collection":[{"href":"https:\/\/alepposhop.eu\/de\/wp-json\/wp\/v2\/product"}],"about":[{"href":"https:\/\/alepposhop.eu\/de\/wp-json\/wp\/v2\/types\/product"}],"wp:featuredmedia":[{"embeddable":true,"href":"https:\/\/alepposhop.eu\/de\/wp-json\/wp\/v2\/media\/6451"}],"wp:attachment":[{"href":"https:\/\/alepposhop.eu\/de\/wp-json\/wp\/v2\/media?parent=9136"}],"wp:term":[{"taxonomy":"product_brand","embeddable":true,"href":"https:\/\/alepposhop.eu\/de\/wp-json\/wp\/v2\/product_brand?post=9136"},{"taxonomy":"product_cat","embeddable":true,"href":"https:\/\/alepposhop.eu\/de\/wp-json\/wp\/v2\/product_cat?post=9136"},{"taxonomy":"product_tag","embeddable":true,"href":"https:\/\/alepposhop.eu\/de\/wp-json\/wp\/v2\/product_tag?post=9136"}],"curies":[{"name":"wp","href":"https:\/\/api.w.org\/{rel}","templated":true}]}}