{"id":9156,"date":"2021-07-20T13:07:57","date_gmt":"2021-07-27T18:17:41","guid":{"rendered":"http:\/\/alepposhop.eu\/product\/unkategorisiert\/mandel-geraeuchert\/"},"modified":"2022-03-21T00:02:11","modified_gmt":"2022-03-20T23:02:11","slug":"mandel-geraeuchert","status":"publish","type":"product","link":"https:\/\/alepposhop.eu\/de\/mandel-geraeuchert\/","title":{"rendered":"Mandel (ger\u00e4uchert)"},"content":{"rendered":"<p style=\"text-align: center;\">\u00a0Gewicht : 250 g<\/p>\n<p style=\"text-align: center;\">Der luxuri\u00f6se Raucher der leckersten Arten von N\u00fcssen<\/p>\n<p style=\"text-align: center;\">\n","protected":false},"excerpt":{"rendered":"<p>Luz, N\u00fcsse, F\u00e4lle, ger\u00e4uchert<\/p>\n","protected":false},"featured_media":6471,"template":"","meta":[],"product_brand":[],"product_cat":[71],"product_tag":[],"class_list":{"0":"post-9156","1":"product","2":"type-product","3":"status-publish","4":"has-post-thumbnail","6":"product_cat-nusse-und-samen","8":"first","9":"outofstock","10":"taxable","11":"shipping-taxable","12":"purchasable","13":"product-type-simple"},"_links":{"self":[{"href":"https:\/\/alepposhop.eu\/de\/wp-json\/wp\/v2\/product\/9156"}],"collection":[{"href":"https:\/\/alepposhop.eu\/de\/wp-json\/wp\/v2\/product"}],"about":[{"href":"https:\/\/alepposhop.eu\/de\/wp-json\/wp\/v2\/types\/product"}],"wp:featuredmedia":[{"embeddable":true,"href":"https:\/\/alepposhop.eu\/de\/wp-json\/wp\/v2\/media\/6471"}],"wp:attachment":[{"href":"https:\/\/alepposhop.eu\/de\/wp-json\/wp\/v2\/media?parent=9156"}],"wp:term":[{"taxonomy":"product_brand","embeddable":true,"href":"https:\/\/alepposhop.eu\/de\/wp-json\/wp\/v2\/product_brand?post=9156"},{"taxonomy":"product_cat","embeddable":true,"href":"https:\/\/alepposhop.eu\/de\/wp-json\/wp\/v2\/product_cat?post=9156"},{"taxonomy":"product_tag","embeddable":true,"href":"https:\/\/alepposhop.eu\/de\/wp-json\/wp\/v2\/product_tag?post=9156"}],"curies":[{"name":"wp","href":"https:\/\/api.w.org\/{rel}","templated":true}]}}