{"id":9164,"date":"2021-07-28T18:05:48","date_gmt":"2021-06-04T12:34:57","guid":{"rendered":"http:\/\/alepposhop.eu\/product\/unkategorisiert\/cashew-gesalzen\/"},"modified":"2025-02-02T00:28:27","modified_gmt":"2025-02-01T23:28:27","slug":"cashew-gesalzen","status":"publish","type":"product","link":"https:\/\/alepposhop.eu\/de\/cashew-gesalzen\/","title":{"rendered":"Ger\u00f6stete Cashewn\u00fcsse (gesalzen)"},"content":{"rendered":"<p style=\"text-align: center\">Gewicht: 250g<\/p>\n<p style=\"text-align: center\">Ger\u00f6stete und gesalzene Cashewn\u00fcsse eignen sich perfekt f\u00fcr den geselligen Abend, als Snack oder auch f\u00fcr Partys.<\/p>\n<p style=\"text-align: center\">\n","protected":false},"excerpt":{"rendered":"<p>Cajo gesalzen, Kaju gebraten, N\u00fcsse, kulinarisch<\/p>\n","protected":false},"featured_media":6479,"template":"","meta":[],"product_brand":[],"product_cat":[71],"product_tag":[],"class_list":{"0":"post-9164","1":"product","2":"type-product","3":"status-publish","4":"has-post-thumbnail","6":"product_cat-nusse-und-samen","8":"first","9":"instock","10":"taxable","11":"shipping-taxable","12":"purchasable","13":"product-type-simple"},"_links":{"self":[{"href":"https:\/\/alepposhop.eu\/de\/wp-json\/wp\/v2\/product\/9164"}],"collection":[{"href":"https:\/\/alepposhop.eu\/de\/wp-json\/wp\/v2\/product"}],"about":[{"href":"https:\/\/alepposhop.eu\/de\/wp-json\/wp\/v2\/types\/product"}],"wp:featuredmedia":[{"embeddable":true,"href":"https:\/\/alepposhop.eu\/de\/wp-json\/wp\/v2\/media\/6479"}],"wp:attachment":[{"href":"https:\/\/alepposhop.eu\/de\/wp-json\/wp\/v2\/media?parent=9164"}],"wp:term":[{"taxonomy":"product_brand","embeddable":true,"href":"https:\/\/alepposhop.eu\/de\/wp-json\/wp\/v2\/product_brand?post=9164"},{"taxonomy":"product_cat","embeddable":true,"href":"https:\/\/alepposhop.eu\/de\/wp-json\/wp\/v2\/product_cat?post=9164"},{"taxonomy":"product_tag","embeddable":true,"href":"https:\/\/alepposhop.eu\/de\/wp-json\/wp\/v2\/product_tag?post=9164"}],"curies":[{"name":"wp","href":"https:\/\/api.w.org\/{rel}","templated":true}]}}