{"id":9168,"date":"2021-06-24T23:58:24","date_gmt":"2021-05-20T09:00:30","guid":{"rendered":"http:\/\/alepposhop.eu\/product\/unkategorisiert\/cashew-geraeuchert\/"},"modified":"2025-02-04T01:13:36","modified_gmt":"2025-02-04T00:13:36","slug":"cashew-geraeuchert","status":"publish","type":"product","link":"https:\/\/alepposhop.eu\/de\/cashew-geraeuchert\/","title":{"rendered":"Cashew (ger\u00e4uchert)"},"content":{"rendered":"<p style=\"text-align: center\">\u00a0Gewicht : 250 g<\/p>\n<p style=\"text-align: center\">Ger\u00f6stete, gesalzene und ger\u00e4ucherte Cashewn\u00fcsse eignen sich auch perfekt f\u00fcr gesellige Abende, als Snack oder f\u00fcr Partys.<\/p>\n<p style=\"text-align: center\">\n","protected":false},"excerpt":{"rendered":"<p>Kajo geraucht, gebratene Kago, N\u00fcsse, Kinder<\/p>\n","protected":false},"featured_media":6483,"template":"","meta":[],"product_brand":[],"product_cat":[71],"product_tag":[],"class_list":{"0":"post-9168","1":"product","2":"type-product","3":"status-publish","4":"has-post-thumbnail","6":"product_cat-nusse-und-samen","8":"first","9":"outofstock","10":"taxable","11":"shipping-taxable","12":"purchasable","13":"product-type-simple"},"_links":{"self":[{"href":"https:\/\/alepposhop.eu\/de\/wp-json\/wp\/v2\/product\/9168"}],"collection":[{"href":"https:\/\/alepposhop.eu\/de\/wp-json\/wp\/v2\/product"}],"about":[{"href":"https:\/\/alepposhop.eu\/de\/wp-json\/wp\/v2\/types\/product"}],"wp:featuredmedia":[{"embeddable":true,"href":"https:\/\/alepposhop.eu\/de\/wp-json\/wp\/v2\/media\/6483"}],"wp:attachment":[{"href":"https:\/\/alepposhop.eu\/de\/wp-json\/wp\/v2\/media?parent=9168"}],"wp:term":[{"taxonomy":"product_brand","embeddable":true,"href":"https:\/\/alepposhop.eu\/de\/wp-json\/wp\/v2\/product_brand?post=9168"},{"taxonomy":"product_cat","embeddable":true,"href":"https:\/\/alepposhop.eu\/de\/wp-json\/wp\/v2\/product_cat?post=9168"},{"taxonomy":"product_tag","embeddable":true,"href":"https:\/\/alepposhop.eu\/de\/wp-json\/wp\/v2\/product_tag?post=9168"}],"curies":[{"name":"wp","href":"https:\/\/api.w.org\/{rel}","templated":true}]}}