{"id":9172,"date":"2021-08-01T14:13:39","date_gmt":"2021-06-14T13:59:30","guid":{"rendered":"http:\/\/alepposhop.eu\/product\/unkategorisiert\/aleppo-pistazie-gesalzen\/"},"modified":"2025-02-02T00:13:48","modified_gmt":"2025-02-01T23:13:48","slug":"aleppo-pistazie-gesalzen","status":"publish","type":"product","link":"https:\/\/alepposhop.eu\/de\/aleppo-pistazie-gesalzen\/","title":{"rendered":"Gesalzen Pistazien"},"content":{"rendered":"<p style=\"text-align: center\">\u00a0Gewicht : 250 g<\/p>\n<p style=\"text-align: center\">Die Nordk\u00fcste des Mittelmeers ist ber\u00fchmt f\u00fcr die Produktion einer der ber\u00fchmtesten Pistaziensorten der Welt, der Aleppo-Pistazie, die f\u00fcr ihren k\u00f6stlichen Geschmack und ihren hohen N\u00e4hrwert bekannt ist. Ger\u00f6stet und gesalzen ist sie ideal f\u00fcr Abendpartys und als sehr n\u00fctzlicher Snack.<\/p>\n<p style=\"text-align: center\">\n","protected":false},"excerpt":{"rendered":"<p>Pistat-Looid, ger\u00f6stete Pistazie, Pistazien gesalzen, N\u00fcsse, kulinarisch<\/p>\n","protected":false},"featured_media":6487,"template":"","meta":[],"product_brand":[],"product_cat":[71],"product_tag":[],"class_list":{"0":"post-9172","1":"product","2":"type-product","3":"status-publish","4":"has-post-thumbnail","6":"product_cat-nusse-und-samen","8":"first","9":"instock","10":"taxable","11":"shipping-taxable","12":"purchasable","13":"product-type-simple"},"_links":{"self":[{"href":"https:\/\/alepposhop.eu\/de\/wp-json\/wp\/v2\/product\/9172"}],"collection":[{"href":"https:\/\/alepposhop.eu\/de\/wp-json\/wp\/v2\/product"}],"about":[{"href":"https:\/\/alepposhop.eu\/de\/wp-json\/wp\/v2\/types\/product"}],"wp:featuredmedia":[{"embeddable":true,"href":"https:\/\/alepposhop.eu\/de\/wp-json\/wp\/v2\/media\/6487"}],"wp:attachment":[{"href":"https:\/\/alepposhop.eu\/de\/wp-json\/wp\/v2\/media?parent=9172"}],"wp:term":[{"taxonomy":"product_brand","embeddable":true,"href":"https:\/\/alepposhop.eu\/de\/wp-json\/wp\/v2\/product_brand?post=9172"},{"taxonomy":"product_cat","embeddable":true,"href":"https:\/\/alepposhop.eu\/de\/wp-json\/wp\/v2\/product_cat?post=9172"},{"taxonomy":"product_tag","embeddable":true,"href":"https:\/\/alepposhop.eu\/de\/wp-json\/wp\/v2\/product_tag?post=9172"}],"curies":[{"name":"wp","href":"https:\/\/api.w.org\/{rel}","templated":true}]}}