{"id":9176,"date":"2021-05-22T09:09:37","date_gmt":"2021-06-29T05:23:02","guid":{"rendered":"http:\/\/alepposhop.eu\/product\/unkategorisiert\/muttern-mischen-gesalzen\/"},"modified":"2025-02-05T00:22:49","modified_gmt":"2025-02-04T23:22:49","slug":"muttern-mischen-gesalzen","status":"publish","type":"product","link":"https:\/\/alepposhop.eu\/de\/muttern-mischen-gesalzen\/","title":{"rendered":"N\u00fcssemischung super extra (gesalzen)"},"content":{"rendered":"<p style=\"text-align: center\">\u00a0Gewicht : 250 g<\/p>\n<p style=\"text-align: center\">Eine luxuri\u00f6se k\u00f6nigliche Mischung aus den feinsten N\u00fcssen (Cashews, Pistazien, Mandeln)<\/p>\n<p style=\"text-align: center\">\n","protected":false},"excerpt":{"rendered":"<p>Pistazien, ger\u00e4ucherte Pistazien, N\u00fcsse, Kinder<\/p>\n","protected":false},"featured_media":6491,"template":"","meta":[],"product_brand":[],"product_cat":[71],"product_tag":[],"class_list":{"0":"post-9176","1":"product","2":"type-product","3":"status-publish","4":"has-post-thumbnail","6":"product_cat-nusse-und-samen","8":"first","9":"instock","10":"taxable","11":"shipping-taxable","12":"purchasable","13":"product-type-simple"},"_links":{"self":[{"href":"https:\/\/alepposhop.eu\/de\/wp-json\/wp\/v2\/product\/9176"}],"collection":[{"href":"https:\/\/alepposhop.eu\/de\/wp-json\/wp\/v2\/product"}],"about":[{"href":"https:\/\/alepposhop.eu\/de\/wp-json\/wp\/v2\/types\/product"}],"wp:featuredmedia":[{"embeddable":true,"href":"https:\/\/alepposhop.eu\/de\/wp-json\/wp\/v2\/media\/6491"}],"wp:attachment":[{"href":"https:\/\/alepposhop.eu\/de\/wp-json\/wp\/v2\/media?parent=9176"}],"wp:term":[{"taxonomy":"product_brand","embeddable":true,"href":"https:\/\/alepposhop.eu\/de\/wp-json\/wp\/v2\/product_brand?post=9176"},{"taxonomy":"product_cat","embeddable":true,"href":"https:\/\/alepposhop.eu\/de\/wp-json\/wp\/v2\/product_cat?post=9176"},{"taxonomy":"product_tag","embeddable":true,"href":"https:\/\/alepposhop.eu\/de\/wp-json\/wp\/v2\/product_tag?post=9176"}],"curies":[{"name":"wp","href":"https:\/\/api.w.org\/{rel}","templated":true}]}}