{"id":9180,"date":"2021-06-07T07:28:22","date_gmt":"2021-05-17T02:02:44","guid":{"rendered":"http:\/\/alepposhop.eu\/product\/unkategorisiert\/muttern-mix-geraeuchert\/"},"modified":"2025-02-05T00:00:35","modified_gmt":"2025-02-04T23:00:35","slug":"muttern-mix-geraeuchert","status":"publish","type":"product","link":"https:\/\/alepposhop.eu\/de\/muttern-mix-geraeuchert\/","title":{"rendered":"N\u00fcssemischung super extra (ger\u00e4uchert)"},"content":{"rendered":"<p style=\"text-align: center\">\u00a0Gewicht : 250 g<\/p>\n<p style=\"text-align: center\">Eine luxuri\u00f6se ger\u00e4ucherte K\u00f6nigsmischung aus den feinsten N\u00fcssen und Samen (ger\u00e4ucherte Cashews, ger\u00e4ucherte Pistazien, ger\u00e4ucherte Haseln\u00fcsse, ger\u00e4ucherte Mandeln)<\/p>\n<p style=\"text-align: center\">\n","protected":false},"excerpt":{"rendered":"<p>Ger\u00e4ucherte N\u00fcsse, Kaminmuttern, Schornsteine, Vanqueter, T\u00e4ter, N\u00fcsse<\/p>\n","protected":false},"featured_media":6495,"template":"","meta":[],"product_brand":[],"product_cat":[71],"product_tag":[],"class_list":{"0":"post-9180","1":"product","2":"type-product","3":"status-publish","4":"has-post-thumbnail","6":"product_cat-nusse-und-samen","8":"first","9":"instock","10":"taxable","11":"shipping-taxable","12":"purchasable","13":"product-type-simple"},"_links":{"self":[{"href":"https:\/\/alepposhop.eu\/de\/wp-json\/wp\/v2\/product\/9180"}],"collection":[{"href":"https:\/\/alepposhop.eu\/de\/wp-json\/wp\/v2\/product"}],"about":[{"href":"https:\/\/alepposhop.eu\/de\/wp-json\/wp\/v2\/types\/product"}],"wp:featuredmedia":[{"embeddable":true,"href":"https:\/\/alepposhop.eu\/de\/wp-json\/wp\/v2\/media\/6495"}],"wp:attachment":[{"href":"https:\/\/alepposhop.eu\/de\/wp-json\/wp\/v2\/media?parent=9180"}],"wp:term":[{"taxonomy":"product_brand","embeddable":true,"href":"https:\/\/alepposhop.eu\/de\/wp-json\/wp\/v2\/product_brand?post=9180"},{"taxonomy":"product_cat","embeddable":true,"href":"https:\/\/alepposhop.eu\/de\/wp-json\/wp\/v2\/product_cat?post=9180"},{"taxonomy":"product_tag","embeddable":true,"href":"https:\/\/alepposhop.eu\/de\/wp-json\/wp\/v2\/product_tag?post=9180"}],"curies":[{"name":"wp","href":"https:\/\/api.w.org\/{rel}","templated":true}]}}