{"id":9200,"date":"2021-07-04T07:24:55","date_gmt":"2021-05-17T15:52:02","guid":{"rendered":"http:\/\/alepposhop.eu\/product\/unkategorisiert\/gelbe-aegyptische-samen\/"},"modified":"2025-02-04T01:00:57","modified_gmt":"2025-02-04T00:00:57","slug":"gelbe-aegyptische-samen","status":"publish","type":"product","link":"https:\/\/alepposhop.eu\/de\/gelbe-aegyptische-samen\/","title":{"rendered":"Gelbe \u00e4gyptischekerne(gesalzen)"},"content":{"rendered":"<p style=\"text-align: center\">\u00a0Gewicht : 250 g<\/p>\n<p style=\"text-align: center\">Hochwertige ger\u00f6stete und gesalzene Wassermelonenkerne aus \u00c4gypten, perfekt f\u00fcr Abendpartys oder als Snack.<\/p>\n<p style=\"text-align: center\">\n","protected":false},"excerpt":{"rendered":"<p>\u00c4gyptischer Samen, weiche \u00e4gyptische Samen, Budton<\/p>\n","protected":false},"featured_media":6515,"template":"","meta":[],"product_brand":[],"product_cat":[71],"product_tag":[],"class_list":{"0":"post-9200","1":"product","2":"type-product","3":"status-publish","4":"has-post-thumbnail","6":"product_cat-nusse-und-samen","8":"first","9":"instock","10":"taxable","11":"shipping-taxable","12":"purchasable","13":"product-type-simple"},"_links":{"self":[{"href":"https:\/\/alepposhop.eu\/de\/wp-json\/wp\/v2\/product\/9200"}],"collection":[{"href":"https:\/\/alepposhop.eu\/de\/wp-json\/wp\/v2\/product"}],"about":[{"href":"https:\/\/alepposhop.eu\/de\/wp-json\/wp\/v2\/types\/product"}],"wp:featuredmedia":[{"embeddable":true,"href":"https:\/\/alepposhop.eu\/de\/wp-json\/wp\/v2\/media\/6515"}],"wp:attachment":[{"href":"https:\/\/alepposhop.eu\/de\/wp-json\/wp\/v2\/media?parent=9200"}],"wp:term":[{"taxonomy":"product_brand","embeddable":true,"href":"https:\/\/alepposhop.eu\/de\/wp-json\/wp\/v2\/product_brand?post=9200"},{"taxonomy":"product_cat","embeddable":true,"href":"https:\/\/alepposhop.eu\/de\/wp-json\/wp\/v2\/product_cat?post=9200"},{"taxonomy":"product_tag","embeddable":true,"href":"https:\/\/alepposhop.eu\/de\/wp-json\/wp\/v2\/product_tag?post=9200"}],"curies":[{"name":"wp","href":"https:\/\/api.w.org\/{rel}","templated":true}]}}