{"id":9228,"date":"2021-07-13T11:37:16","date_gmt":"2021-05-13T22:20:01","guid":{"rendered":"http:\/\/alepposhop.eu\/product\/unkategorisiert\/delight-triangle\/"},"modified":"2025-02-11T23:38:07","modified_gmt":"2025-02-11T22:38:07","slug":"raha-dreieck-deluxe","status":"publish","type":"product","link":"https:\/\/alepposhop.eu\/de\/raha-dreieck-deluxe\/","title":{"rendered":"Deluxe Delight (Dreieck)"},"content":{"rendered":"<p style=\"text-align: center\">Gewicht: 250 Gramm<\/p>\n<p style=\"text-align: center\">\u00a0Delight ist eine der k\u00f6stlichen S\u00fc\u00dfigkeiten, die seit der Antike ber\u00fchmt sind. Es ist eine der S\u00fc\u00dfigkeiten unserer Vorfahren, die immer ein passendes Geschenk war, das sie untereinander austauschten und zu ihren gl\u00fccklichen Anl\u00e4ssen \u00fcberreichten.<\/p>\n","protected":false},"excerpt":{"rendered":"<p>Komfort, zus\u00e4tzlicher Komfort, Dreieckskomfort, Komfort Pistazien Halabi, Gastfreundschaft<\/p>\n","protected":false},"featured_media":6543,"template":"","meta":[],"product_brand":[],"product_cat":[72],"product_tag":[],"class_list":{"0":"post-9228","1":"product","2":"type-product","3":"status-publish","4":"has-post-thumbnail","6":"product_cat-orientalische-susigkeiten","8":"first","9":"instock","10":"taxable","11":"shipping-taxable","12":"purchasable","13":"product-type-simple"},"_links":{"self":[{"href":"https:\/\/alepposhop.eu\/de\/wp-json\/wp\/v2\/product\/9228"}],"collection":[{"href":"https:\/\/alepposhop.eu\/de\/wp-json\/wp\/v2\/product"}],"about":[{"href":"https:\/\/alepposhop.eu\/de\/wp-json\/wp\/v2\/types\/product"}],"wp:featuredmedia":[{"embeddable":true,"href":"https:\/\/alepposhop.eu\/de\/wp-json\/wp\/v2\/media\/6543"}],"wp:attachment":[{"href":"https:\/\/alepposhop.eu\/de\/wp-json\/wp\/v2\/media?parent=9228"}],"wp:term":[{"taxonomy":"product_brand","embeddable":true,"href":"https:\/\/alepposhop.eu\/de\/wp-json\/wp\/v2\/product_brand?post=9228"},{"taxonomy":"product_cat","embeddable":true,"href":"https:\/\/alepposhop.eu\/de\/wp-json\/wp\/v2\/product_cat?post=9228"},{"taxonomy":"product_tag","embeddable":true,"href":"https:\/\/alepposhop.eu\/de\/wp-json\/wp\/v2\/product_tag?post=9228"}],"curies":[{"name":"wp","href":"https:\/\/api.w.org\/{rel}","templated":true}]}}