{"id":9256,"date":"2021-07-14T12:47:48","date_gmt":"2021-07-07T17:39:24","guid":{"rendered":"http:\/\/alepposhop.eu\/product\/unkategorisiert\/schokoladengoldene-ringe\/"},"modified":"2021-09-30T12:26:29","modified_gmt":"2021-09-30T10:26:29","slug":"schokoladengoldene-ringe","status":"publish","type":"product","link":"https:\/\/alepposhop.eu\/de\/schokoladengoldene-ringe\/","title":{"rendered":"Schokoladengoldene Ringe"},"content":{"rendered":"<p style=\"text-align: center;\">\u00a0Gewicht : 250 g<\/p>\n<p style=\"text-align: center;\">Schokoladengef\u00fcllte gef\u00fcllte Haselnuss-Luxus-Gastfreundschaft f\u00fcr Hochzeiten, Rede und Events<\/p>\n<p style=\"text-align: center;\">\n","protected":false},"excerpt":{"rendered":"<p>Schokolade, Schokoladenringe, Schokolade f\u00fcr Events, quadratische Schokolade<\/p>\n","protected":false},"featured_media":6571,"template":"","meta":[],"product_brand":[],"product_cat":[72],"product_tag":[],"class_list":{"0":"post-9256","1":"product","2":"type-product","3":"status-publish","4":"has-post-thumbnail","6":"product_cat-orientalische-susigkeiten","8":"first","9":"outofstock","10":"taxable","11":"shipping-taxable","12":"purchasable","13":"product-type-simple"},"_links":{"self":[{"href":"https:\/\/alepposhop.eu\/de\/wp-json\/wp\/v2\/product\/9256"}],"collection":[{"href":"https:\/\/alepposhop.eu\/de\/wp-json\/wp\/v2\/product"}],"about":[{"href":"https:\/\/alepposhop.eu\/de\/wp-json\/wp\/v2\/types\/product"}],"wp:featuredmedia":[{"embeddable":true,"href":"https:\/\/alepposhop.eu\/de\/wp-json\/wp\/v2\/media\/6571"}],"wp:attachment":[{"href":"https:\/\/alepposhop.eu\/de\/wp-json\/wp\/v2\/media?parent=9256"}],"wp:term":[{"taxonomy":"product_brand","embeddable":true,"href":"https:\/\/alepposhop.eu\/de\/wp-json\/wp\/v2\/product_brand?post=9256"},{"taxonomy":"product_cat","embeddable":true,"href":"https:\/\/alepposhop.eu\/de\/wp-json\/wp\/v2\/product_cat?post=9256"},{"taxonomy":"product_tag","embeddable":true,"href":"https:\/\/alepposhop.eu\/de\/wp-json\/wp\/v2\/product_tag?post=9256"}],"curies":[{"name":"wp","href":"https:\/\/api.w.org\/{rel}","templated":true}]}}