{"id":9292,"date":"2021-06-17T01:10:59","date_gmt":"2021-08-09T06:27:36","guid":{"rendered":"http:\/\/alepposhop.eu\/product\/unkategorisiert\/zuckerreiche-mandeln\/"},"modified":"2021-09-30T12:26:37","modified_gmt":"2021-09-30T10:26:37","slug":"zuckerreiche-mandeln","status":"publish","type":"product","link":"https:\/\/alepposhop.eu\/de\/zuckerreiche-mandeln\/","title":{"rendered":"Zuckerreiche Mandeln"},"content":{"rendered":"<p style=\"text-align: center;\">\u00a0Gewicht : 250 g<\/p>\n<p style=\"text-align: center;\">Mexiko f\u00fcr meine ger\u00f6stete und umh\u00fcllt mit einer d\u00fcnnen Zuckerschicht<\/p>\n<p style=\"text-align: center;\">\n","protected":false},"excerpt":{"rendered":"<p>Kondensator, Gastfreundschaft, Verlust, N\u00fcsse, S\u00fc\u00dfigkeiten<\/p>\n","protected":false},"featured_media":6607,"template":"","meta":[],"product_brand":[],"product_cat":[72],"product_tag":[],"class_list":{"0":"post-9292","1":"product","2":"type-product","3":"status-publish","4":"has-post-thumbnail","6":"product_cat-orientalische-susigkeiten","8":"first","9":"instock","10":"taxable","11":"shipping-taxable","12":"purchasable","13":"product-type-simple"},"_links":{"self":[{"href":"https:\/\/alepposhop.eu\/de\/wp-json\/wp\/v2\/product\/9292"}],"collection":[{"href":"https:\/\/alepposhop.eu\/de\/wp-json\/wp\/v2\/product"}],"about":[{"href":"https:\/\/alepposhop.eu\/de\/wp-json\/wp\/v2\/types\/product"}],"wp:featuredmedia":[{"embeddable":true,"href":"https:\/\/alepposhop.eu\/de\/wp-json\/wp\/v2\/media\/6607"}],"wp:attachment":[{"href":"https:\/\/alepposhop.eu\/de\/wp-json\/wp\/v2\/media?parent=9292"}],"wp:term":[{"taxonomy":"product_brand","embeddable":true,"href":"https:\/\/alepposhop.eu\/de\/wp-json\/wp\/v2\/product_brand?post=9292"},{"taxonomy":"product_cat","embeddable":true,"href":"https:\/\/alepposhop.eu\/de\/wp-json\/wp\/v2\/product_cat?post=9292"},{"taxonomy":"product_tag","embeddable":true,"href":"https:\/\/alepposhop.eu\/de\/wp-json\/wp\/v2\/product_tag?post=9292"}],"curies":[{"name":"wp","href":"https:\/\/api.w.org\/{rel}","templated":true}]}}