{"id":9296,"date":"2021-06-08T14:59:26","date_gmt":"2021-06-14T04:35:42","guid":{"rendered":"http:\/\/alepposhop.eu\/product\/unkategorisiert\/zuckerreiches-mandeln-baby-blau\/"},"modified":"2021-09-30T12:26:38","modified_gmt":"2021-09-30T10:26:38","slug":"zuckerreiches-mandeln-baby-blau","status":"publish","type":"product","link":"https:\/\/alepposhop.eu\/de\/zuckerreiches-mandeln-baby-blau\/","title":{"rendered":"Zuckerreiches Mandeln Baby (blau)"},"content":{"rendered":"<p style=\"text-align: center;\">\u00a0Gewicht : 500 g<\/p>\n<p style=\"text-align: center;\">Baby Farbe Blau gef\u00fcllte Schokolade Ideal f\u00fcr neue Baby-Gastfreundschaft<\/p>\n<p style=\"text-align: center;\">\n","protected":false},"excerpt":{"rendered":"<p>Mexiko, Gastfreundschaft, Baby, Geboren, N\u00fcsse, S\u00fc\u00dfigkeiten<\/p>\n","protected":false},"featured_media":6611,"template":"","meta":[],"product_brand":[],"product_cat":[72],"product_tag":[],"class_list":{"0":"post-9296","1":"product","2":"type-product","3":"status-publish","4":"has-post-thumbnail","6":"product_cat-orientalische-susigkeiten","8":"first","9":"outofstock","10":"taxable","11":"shipping-taxable","12":"purchasable","13":"product-type-simple"},"_links":{"self":[{"href":"https:\/\/alepposhop.eu\/de\/wp-json\/wp\/v2\/product\/9296"}],"collection":[{"href":"https:\/\/alepposhop.eu\/de\/wp-json\/wp\/v2\/product"}],"about":[{"href":"https:\/\/alepposhop.eu\/de\/wp-json\/wp\/v2\/types\/product"}],"wp:featuredmedia":[{"embeddable":true,"href":"https:\/\/alepposhop.eu\/de\/wp-json\/wp\/v2\/media\/6611"}],"wp:attachment":[{"href":"https:\/\/alepposhop.eu\/de\/wp-json\/wp\/v2\/media?parent=9296"}],"wp:term":[{"taxonomy":"product_brand","embeddable":true,"href":"https:\/\/alepposhop.eu\/de\/wp-json\/wp\/v2\/product_brand?post=9296"},{"taxonomy":"product_cat","embeddable":true,"href":"https:\/\/alepposhop.eu\/de\/wp-json\/wp\/v2\/product_cat?post=9296"},{"taxonomy":"product_tag","embeddable":true,"href":"https:\/\/alepposhop.eu\/de\/wp-json\/wp\/v2\/product_tag?post=9296"}],"curies":[{"name":"wp","href":"https:\/\/api.w.org\/{rel}","templated":true}]}}