{"id":9304,"date":"2021-07-31T07:13:05","date_gmt":"2021-06-07T02:39:43","guid":{"rendered":"http:\/\/alepposhop.eu\/product\/unkategorisiert\/mann-und-salwa-extra\/"},"modified":"2025-02-12T12:45:08","modified_gmt":"2025-02-12T11:45:08","slug":"mann-und-salwa-extra","status":"publish","type":"product","link":"https:\/\/alepposhop.eu\/de\/mann-und-salwa-extra\/","title":{"rendered":"Mann und Salwa (Extra)"},"content":{"rendered":"<p style=\"text-align: center\">\u00a0Gewicht : 250 g<\/p>\n<p style=\"text-align: center\">Manna und Salwa z\u00e4hlen zu den bekanntesten S\u00fc\u00dfigkeiten im Nahen Osten.<\/p>\n<p style=\"text-align: center\">Es hat eine sch\u00f6ne runde Form, ist mit Pistazien bedeckt und zeichnet sich durch orientalische Gew\u00fcrze wie Kardamom oder Mastix aus, die ihm einen unverwechselbaren Geschmack verleihen.<\/p>\n","protected":false},"excerpt":{"rendered":"<p>Von Stille, Gastfreundschaft, Pistazien, von und einem Kreis<\/p>\n","protected":false},"featured_media":6619,"template":"","meta":[],"product_brand":[],"product_cat":[72],"product_tag":[2228],"class_list":{"0":"post-9304","1":"product","2":"type-product","3":"status-publish","4":"has-post-thumbnail","6":"product_cat-orientalische-susigkeiten","7":"product_tag-ramadan-de","9":"first","10":"instock","11":"taxable","12":"shipping-taxable","13":"purchasable","14":"product-type-simple"},"_links":{"self":[{"href":"https:\/\/alepposhop.eu\/de\/wp-json\/wp\/v2\/product\/9304"}],"collection":[{"href":"https:\/\/alepposhop.eu\/de\/wp-json\/wp\/v2\/product"}],"about":[{"href":"https:\/\/alepposhop.eu\/de\/wp-json\/wp\/v2\/types\/product"}],"wp:featuredmedia":[{"embeddable":true,"href":"https:\/\/alepposhop.eu\/de\/wp-json\/wp\/v2\/media\/6619"}],"wp:attachment":[{"href":"https:\/\/alepposhop.eu\/de\/wp-json\/wp\/v2\/media?parent=9304"}],"wp:term":[{"taxonomy":"product_brand","embeddable":true,"href":"https:\/\/alepposhop.eu\/de\/wp-json\/wp\/v2\/product_brand?post=9304"},{"taxonomy":"product_cat","embeddable":true,"href":"https:\/\/alepposhop.eu\/de\/wp-json\/wp\/v2\/product_cat?post=9304"},{"taxonomy":"product_tag","embeddable":true,"href":"https:\/\/alepposhop.eu\/de\/wp-json\/wp\/v2\/product_tag?post=9304"}],"curies":[{"name":"wp","href":"https:\/\/api.w.org\/{rel}","templated":true}]}}