{"id":9312,"date":"2021-07-25T12:27:30","date_gmt":"2021-06-15T00:37:49","guid":{"rendered":"http:\/\/alepposhop.eu\/product\/unkategorisiert\/noga-pistazie\/"},"modified":"2025-12-16T13:21:49","modified_gmt":"2025-12-16T12:21:49","slug":"noga-pistazie","status":"publish","type":"product","link":"https:\/\/alepposhop.eu\/de\/noga-pistazie\/","title":{"rendered":"Pistazie Nougat"},"content":{"rendered":"<p style=\"text-align: center\">\u00a0Gewicht : 250 g<\/p>\n<p style=\"text-align: center\">Pistazien-Nougat \u2013 eine luxuri\u00f6se Kombination aus S\u00fc\u00dfe und Zartheit! Ein weiches, z\u00e4hes Dessert, angereichert mit knusprigen Pistazien, das die perfekte Balance aus k\u00f6stlicher Textur und leckerem Geschmack bietet. Perfekt zum Kaffeegenuss oder als feine Gastfreundschaft.<\/p>\n<p style=\"text-align: center\">\n","protected":false},"excerpt":{"rendered":"<p>Noga, Noka, Noga Pistazien Halabi<\/p>\n","protected":false},"featured_media":6627,"template":"","meta":[],"product_brand":[],"product_cat":[72],"product_tag":[],"class_list":{"0":"post-9312","1":"product","2":"type-product","3":"status-publish","4":"has-post-thumbnail","6":"product_cat-orientalische-susigkeiten","8":"first","9":"instock","10":"taxable","11":"shipping-taxable","12":"purchasable","13":"product-type-simple"},"_links":{"self":[{"href":"https:\/\/alepposhop.eu\/de\/wp-json\/wp\/v2\/product\/9312"}],"collection":[{"href":"https:\/\/alepposhop.eu\/de\/wp-json\/wp\/v2\/product"}],"about":[{"href":"https:\/\/alepposhop.eu\/de\/wp-json\/wp\/v2\/types\/product"}],"wp:featuredmedia":[{"embeddable":true,"href":"https:\/\/alepposhop.eu\/de\/wp-json\/wp\/v2\/media\/6627"}],"wp:attachment":[{"href":"https:\/\/alepposhop.eu\/de\/wp-json\/wp\/v2\/media?parent=9312"}],"wp:term":[{"taxonomy":"product_brand","embeddable":true,"href":"https:\/\/alepposhop.eu\/de\/wp-json\/wp\/v2\/product_brand?post=9312"},{"taxonomy":"product_cat","embeddable":true,"href":"https:\/\/alepposhop.eu\/de\/wp-json\/wp\/v2\/product_cat?post=9312"},{"taxonomy":"product_tag","embeddable":true,"href":"https:\/\/alepposhop.eu\/de\/wp-json\/wp\/v2\/product_tag?post=9312"}],"curies":[{"name":"wp","href":"https:\/\/api.w.org\/{rel}","templated":true}]}}