{"id":9356,"date":"2021-07-03T14:25:31","date_gmt":"2021-08-08T16:32:33","guid":{"rendered":"http:\/\/alepposhop.eu\/product\/unkategorisiert\/suesse-arabische-sloura\/"},"modified":"2022-06-02T00:00:16","modified_gmt":"2022-06-01T22:00:16","slug":"suesse-arabische-sloura","status":"publish","type":"product","link":"https:\/\/alepposhop.eu\/de\/suesse-arabische-sloura\/","title":{"rendered":"S\u00fc\u00dfe arabische Sloura."},"content":{"rendered":"<p style=\"text-align: center;\">\u00a0Gewicht : 950 g<\/p>\n<p style=\"text-align: center;\">Eine Gruppe von Herren, die im ber\u00fchmten Slipper gemacht wurden<\/p>\n<p style=\"text-align: center;\">\n","protected":false},"excerpt":{"rendered":"<p>Arabische S\u00fc\u00dfigkeiten, S\u00fc\u00dfigkeiten, Aleppo-S\u00fc\u00dfigkeiten, Sloura, Gastfreundschaft, Tahalala<\/p>\n","protected":false},"featured_media":6671,"template":"","meta":[],"product_brand":[],"product_cat":[72],"product_tag":[],"class_list":{"0":"post-9356","1":"product","2":"type-product","3":"status-publish","4":"has-post-thumbnail","6":"product_cat-orientalische-susigkeiten","8":"first","9":"outofstock","10":"taxable","11":"shipping-taxable","12":"purchasable","13":"product-type-simple"},"_links":{"self":[{"href":"https:\/\/alepposhop.eu\/de\/wp-json\/wp\/v2\/product\/9356"}],"collection":[{"href":"https:\/\/alepposhop.eu\/de\/wp-json\/wp\/v2\/product"}],"about":[{"href":"https:\/\/alepposhop.eu\/de\/wp-json\/wp\/v2\/types\/product"}],"wp:featuredmedia":[{"embeddable":true,"href":"https:\/\/alepposhop.eu\/de\/wp-json\/wp\/v2\/media\/6671"}],"wp:attachment":[{"href":"https:\/\/alepposhop.eu\/de\/wp-json\/wp\/v2\/media?parent=9356"}],"wp:term":[{"taxonomy":"product_brand","embeddable":true,"href":"https:\/\/alepposhop.eu\/de\/wp-json\/wp\/v2\/product_brand?post=9356"},{"taxonomy":"product_cat","embeddable":true,"href":"https:\/\/alepposhop.eu\/de\/wp-json\/wp\/v2\/product_cat?post=9356"},{"taxonomy":"product_tag","embeddable":true,"href":"https:\/\/alepposhop.eu\/de\/wp-json\/wp\/v2\/product_tag?post=9356"}],"curies":[{"name":"wp","href":"https:\/\/api.w.org\/{rel}","templated":true}]}}