{"id":9360,"date":"2021-08-08T03:03:19","date_gmt":"2021-08-08T20:06:32","guid":{"rendered":"http:\/\/alepposhop.eu\/product\/unkategorisiert\/suesse-arabische-sloura-trockene-suessigkeiten-mit-arabischem-ghee\/"},"modified":"2022-05-10T13:37:33","modified_gmt":"2022-05-10T11:37:33","slug":"suesse-arabische-sloura-trockene-suessigkeiten-mit-arabischem-ghee","status":"publish","type":"product","link":"https:\/\/alepposhop.eu\/de\/suesse-arabische-sloura-trockene-suessigkeiten-mit-arabischem-ghee\/","title":{"rendered":"S\u00fc\u00dfe arabische Sloura (trockene S\u00fc\u00dfigkeiten mit arabischem Ghee)"},"content":{"rendered":"<p style=\"text-align: center;\">\u00a0Gewicht : 950 g<\/p>\n<p style=\"text-align: center;\">Eine Gruppe von Herren, die im ber\u00fchmten Slipper gemacht wurden<\/p>\n<p style=\"text-align: center;\">\n","protected":false},"excerpt":{"rendered":"<p>Arabische S\u00fc\u00dfigkeiten, S\u00fc\u00dfigkeiten, Aleppo-S\u00fc\u00dfigkeiten, Sloura, Gastfreundschaft, Tahalala<\/p>\n","protected":false},"featured_media":6675,"template":"","meta":[],"product_brand":[],"product_cat":[72],"product_tag":[],"class_list":{"0":"post-9360","1":"product","2":"type-product","3":"status-publish","4":"has-post-thumbnail","6":"product_cat-orientalische-susigkeiten","8":"first","9":"outofstock","10":"taxable","11":"shipping-taxable","12":"purchasable","13":"product-type-simple"},"_links":{"self":[{"href":"https:\/\/alepposhop.eu\/de\/wp-json\/wp\/v2\/product\/9360"}],"collection":[{"href":"https:\/\/alepposhop.eu\/de\/wp-json\/wp\/v2\/product"}],"about":[{"href":"https:\/\/alepposhop.eu\/de\/wp-json\/wp\/v2\/types\/product"}],"wp:featuredmedia":[{"embeddable":true,"href":"https:\/\/alepposhop.eu\/de\/wp-json\/wp\/v2\/media\/6675"}],"wp:attachment":[{"href":"https:\/\/alepposhop.eu\/de\/wp-json\/wp\/v2\/media?parent=9360"}],"wp:term":[{"taxonomy":"product_brand","embeddable":true,"href":"https:\/\/alepposhop.eu\/de\/wp-json\/wp\/v2\/product_brand?post=9360"},{"taxonomy":"product_cat","embeddable":true,"href":"https:\/\/alepposhop.eu\/de\/wp-json\/wp\/v2\/product_cat?post=9360"},{"taxonomy":"product_tag","embeddable":true,"href":"https:\/\/alepposhop.eu\/de\/wp-json\/wp\/v2\/product_tag?post=9360"}],"curies":[{"name":"wp","href":"https:\/\/api.w.org\/{rel}","templated":true}]}}