{"id":9364,"date":"2021-06-27T19:45:26","date_gmt":"2021-07-16T15:04:05","guid":{"rendered":"http:\/\/alepposhop.eu\/product\/unkategorisiert\/suesse-arabische-sloura-trockene-suessigkeiten-mit-veganem-ghee\/"},"modified":"2021-11-09T23:00:14","modified_gmt":"2021-11-09T22:00:14","slug":"suesse-arabische-sloura-trockene-suessigkeiten-mit-veganem-ghee","status":"publish","type":"product","link":"https:\/\/alepposhop.eu\/de\/suesse-arabische-sloura-trockene-suessigkeiten-mit-veganem-ghee\/","title":{"rendered":"S\u00fc\u00dfe arabische Sloura (trockene S\u00fc\u00dfigkeiten mit veganem Ghee)"},"content":{"rendered":"<p style=\"text-align: center;\">\u00a0Gewicht : 750 g<\/p>\n<p style=\"text-align: center;\">Eine Gruppe von Herren, die im ber\u00fchmten Slipper gemacht wurden<\/p>\n<p style=\"text-align: center;\">\n","protected":false},"excerpt":{"rendered":"<p>Arabische S\u00fc\u00dfigkeiten, S\u00fc\u00dfigkeiten, Aleppo-S\u00fc\u00dfigkeiten, Sloura, Gastfreundschaft, Tahalala<\/p>\n","protected":false},"featured_media":6679,"template":"","meta":[],"product_brand":[],"product_cat":[72],"product_tag":[],"class_list":{"0":"post-9364","1":"product","2":"type-product","3":"status-publish","4":"has-post-thumbnail","6":"product_cat-orientalische-susigkeiten","8":"first","9":"outofstock","10":"taxable","11":"shipping-taxable","12":"purchasable","13":"product-type-simple"},"_links":{"self":[{"href":"https:\/\/alepposhop.eu\/de\/wp-json\/wp\/v2\/product\/9364"}],"collection":[{"href":"https:\/\/alepposhop.eu\/de\/wp-json\/wp\/v2\/product"}],"about":[{"href":"https:\/\/alepposhop.eu\/de\/wp-json\/wp\/v2\/types\/product"}],"wp:featuredmedia":[{"embeddable":true,"href":"https:\/\/alepposhop.eu\/de\/wp-json\/wp\/v2\/media\/6679"}],"wp:attachment":[{"href":"https:\/\/alepposhop.eu\/de\/wp-json\/wp\/v2\/media?parent=9364"}],"wp:term":[{"taxonomy":"product_brand","embeddable":true,"href":"https:\/\/alepposhop.eu\/de\/wp-json\/wp\/v2\/product_brand?post=9364"},{"taxonomy":"product_cat","embeddable":true,"href":"https:\/\/alepposhop.eu\/de\/wp-json\/wp\/v2\/product_cat?post=9364"},{"taxonomy":"product_tag","embeddable":true,"href":"https:\/\/alepposhop.eu\/de\/wp-json\/wp\/v2\/product_tag?post=9364"}],"curies":[{"name":"wp","href":"https:\/\/api.w.org\/{rel}","templated":true}]}}