{"id":9368,"date":"2021-05-31T06:37:19","date_gmt":"2021-07-17T10:05:30","guid":{"rendered":"http:\/\/alepposhop.eu\/product\/unkategorisiert\/mamoul-suesses-souce\/"},"modified":"2026-03-06T00:11:30","modified_gmt":"2026-03-05T23:11:30","slug":"mamoul-suesses-souce","status":"publish","type":"product","link":"https:\/\/alepposhop.eu\/de\/mamoul-suesses-souce\/","title":{"rendered":"Maamoul Zucker So\u00dfe (Mahrousa)"},"content":{"rendered":"<p style=\"text-align: center\">Gewicht : 250 g<\/p>\n<p style=\"text-align: center\">Dessertsauce, haupts\u00e4chlich aus Eiwei\u00df und Zuckersirup hergestellt, mit einem Hauch S\u00fc\u00dfe gew\u00fcrzt<\/p>\n<p style=\"text-align: center\">Zu besonderen Anl\u00e4ssen und Feiertagen mit Walnuss Maamoul serviert<\/p>\n<p style=\"text-align: center\">\n","protected":false},"excerpt":{"rendered":"<p>Sauce, gn\u00e4dig, Mop, Gastfreundschaft, S\u00fc\u00dfe<\/p>\n","protected":false},"featured_media":6683,"template":"","meta":[],"product_brand":[],"product_cat":[72],"product_tag":[],"class_list":{"0":"post-9368","1":"product","2":"type-product","3":"status-publish","4":"has-post-thumbnail","6":"product_cat-orientalische-susigkeiten","8":"first","9":"outofstock","10":"taxable","11":"shipping-taxable","12":"purchasable","13":"product-type-simple"},"_links":{"self":[{"href":"https:\/\/alepposhop.eu\/de\/wp-json\/wp\/v2\/product\/9368"}],"collection":[{"href":"https:\/\/alepposhop.eu\/de\/wp-json\/wp\/v2\/product"}],"about":[{"href":"https:\/\/alepposhop.eu\/de\/wp-json\/wp\/v2\/types\/product"}],"wp:featuredmedia":[{"embeddable":true,"href":"https:\/\/alepposhop.eu\/de\/wp-json\/wp\/v2\/media\/6683"}],"wp:attachment":[{"href":"https:\/\/alepposhop.eu\/de\/wp-json\/wp\/v2\/media?parent=9368"}],"wp:term":[{"taxonomy":"product_brand","embeddable":true,"href":"https:\/\/alepposhop.eu\/de\/wp-json\/wp\/v2\/product_brand?post=9368"},{"taxonomy":"product_cat","embeddable":true,"href":"https:\/\/alepposhop.eu\/de\/wp-json\/wp\/v2\/product_cat?post=9368"},{"taxonomy":"product_tag","embeddable":true,"href":"https:\/\/alepposhop.eu\/de\/wp-json\/wp\/v2\/product_tag?post=9368"}],"curies":[{"name":"wp","href":"https:\/\/api.w.org\/{rel}","templated":true}]}}