{"id":9460,"date":"2021-07-09T18:51:51","date_gmt":"2021-05-24T20:16:05","guid":{"rendered":"http:\/\/alepposhop.eu\/product\/unkategorisiert\/gelatine-erdbeerform\/"},"modified":"2025-03-17T23:27:20","modified_gmt":"2025-03-17T22:27:20","slug":"gelatine-erdbeerform","status":"publish","type":"product","link":"https:\/\/alepposhop.eu\/de\/gelatine-erdbeerform\/","title":{"rendered":"Gelatine Erdbeerform"},"content":{"rendered":"<p style=\"text-align: center\">\u00a0Gewicht : 250 g<\/p>\n<p style=\"text-align: center\">K\u00f6stliche und exquisite Gelatine-S\u00fc\u00dfigkeiten<\/p>\n<p style=\"text-align: center\">Halal.<\/p>\n","protected":false},"excerpt":{"rendered":"<p>Kupfer, Gelatine, S\u00fc\u00dfigkeiten, Generation, Gilly, Geschmack von Pommes<\/p>\n","protected":false},"featured_media":6775,"template":"","meta":[],"product_brand":[],"product_cat":[73],"product_tag":[],"class_list":{"0":"post-9460","1":"product","2":"type-product","3":"status-publish","4":"has-post-thumbnail","6":"product_cat-bonbons-und-kekse","8":"first","9":"instock","10":"taxable","11":"shipping-taxable","12":"purchasable","13":"product-type-simple"},"_links":{"self":[{"href":"https:\/\/alepposhop.eu\/de\/wp-json\/wp\/v2\/product\/9460"}],"collection":[{"href":"https:\/\/alepposhop.eu\/de\/wp-json\/wp\/v2\/product"}],"about":[{"href":"https:\/\/alepposhop.eu\/de\/wp-json\/wp\/v2\/types\/product"}],"wp:featuredmedia":[{"embeddable":true,"href":"https:\/\/alepposhop.eu\/de\/wp-json\/wp\/v2\/media\/6775"}],"wp:attachment":[{"href":"https:\/\/alepposhop.eu\/de\/wp-json\/wp\/v2\/media?parent=9460"}],"wp:term":[{"taxonomy":"product_brand","embeddable":true,"href":"https:\/\/alepposhop.eu\/de\/wp-json\/wp\/v2\/product_brand?post=9460"},{"taxonomy":"product_cat","embeddable":true,"href":"https:\/\/alepposhop.eu\/de\/wp-json\/wp\/v2\/product_cat?post=9460"},{"taxonomy":"product_tag","embeddable":true,"href":"https:\/\/alepposhop.eu\/de\/wp-json\/wp\/v2\/product_tag?post=9460"}],"curies":[{"name":"wp","href":"https:\/\/api.w.org\/{rel}","templated":true}]}}