{"id":9464,"date":"2021-06-27T13:04:21","date_gmt":"2021-07-16T02:36:20","guid":{"rendered":"http:\/\/alepposhop.eu\/product\/unkategorisiert\/geleeschale\/"},"modified":"2026-02-27T00:25:00","modified_gmt":"2026-02-26T23:25:00","slug":"geleeschale","status":"publish","type":"product","link":"https:\/\/alepposhop.eu\/de\/geleeschale\/","title":{"rendered":"Jelly Cup (8 St\u00fcck)"},"content":{"rendered":"<p style=\"text-align: center\">\u00a0Gewicht : 90 g<\/p>\n<p style=\"text-align: center\">8 Teile von Jelly eine Tasse Fruchtgeschmack<\/p>\n<p style=\"text-align: center\">Halal.<\/p>\n","protected":false},"excerpt":{"rendered":"<p>S\u00fc\u00dfigkeiten, Gelatine, S\u00fc\u00dfigkeiten, Generation, Gill, Obst, Geleeschale<\/p>\n","protected":false},"featured_media":6779,"template":"","meta":[],"product_brand":[],"product_cat":[73],"product_tag":[],"class_list":{"0":"post-9464","1":"product","2":"type-product","3":"status-publish","4":"has-post-thumbnail","6":"product_cat-bonbons-und-kekse","8":"first","9":"instock","10":"taxable","11":"shipping-taxable","12":"purchasable","13":"product-type-simple"},"_links":{"self":[{"href":"https:\/\/alepposhop.eu\/de\/wp-json\/wp\/v2\/product\/9464"}],"collection":[{"href":"https:\/\/alepposhop.eu\/de\/wp-json\/wp\/v2\/product"}],"about":[{"href":"https:\/\/alepposhop.eu\/de\/wp-json\/wp\/v2\/types\/product"}],"wp:featuredmedia":[{"embeddable":true,"href":"https:\/\/alepposhop.eu\/de\/wp-json\/wp\/v2\/media\/6779"}],"wp:attachment":[{"href":"https:\/\/alepposhop.eu\/de\/wp-json\/wp\/v2\/media?parent=9464"}],"wp:term":[{"taxonomy":"product_brand","embeddable":true,"href":"https:\/\/alepposhop.eu\/de\/wp-json\/wp\/v2\/product_brand?post=9464"},{"taxonomy":"product_cat","embeddable":true,"href":"https:\/\/alepposhop.eu\/de\/wp-json\/wp\/v2\/product_cat?post=9464"},{"taxonomy":"product_tag","embeddable":true,"href":"https:\/\/alepposhop.eu\/de\/wp-json\/wp\/v2\/product_tag?post=9464"}],"curies":[{"name":"wp","href":"https:\/\/api.w.org\/{rel}","templated":true}]}}