{"id":9476,"date":"2021-06-06T03:26:48","date_gmt":"2021-06-28T00:39:02","guid":{"rendered":"http:\/\/alepposhop.eu\/product\/unkategorisiert\/nashed-bonbon-schokoladenkokosnuss\/"},"modified":"2022-01-01T00:01:42","modified_gmt":"2021-12-31T23:01:42","slug":"nashed-bonbon-schokoladenkokosnuss","status":"publish","type":"product","link":"https:\/\/alepposhop.eu\/de\/nashed-bonbon-schokoladenkokosnuss\/","title":{"rendered":"Nashed Bonbon-Schokoladenkokosnuss"},"content":{"rendered":"<p style=\"text-align: center;\">\u00a0Gewicht : 250 g<\/p>\n<p style=\"text-align: center;\">Kokosnuss-gef\u00fcllte Schokolade von ansprechenden brillanten Br\u00fcdern und Vorspeisen<\/p>\n<p style=\"text-align: center;\">\n","protected":false},"excerpt":{"rendered":"<p>Skacker, S\u00fc\u00dfigkeiten, Strumpfhose, Gastfreundschaft, Scarcar Nahad-Br\u00fcder, Scanner, Kokosnussschokolade, Kokosnuss<\/p>\n","protected":false},"featured_media":6791,"template":"","meta":[],"product_brand":[],"product_cat":[73],"product_tag":[],"class_list":{"0":"post-9476","1":"product","2":"type-product","3":"status-publish","4":"has-post-thumbnail","6":"product_cat-bonbons-und-kekse","8":"first","9":"outofstock","10":"taxable","11":"shipping-taxable","12":"purchasable","13":"product-type-simple"},"_links":{"self":[{"href":"https:\/\/alepposhop.eu\/de\/wp-json\/wp\/v2\/product\/9476"}],"collection":[{"href":"https:\/\/alepposhop.eu\/de\/wp-json\/wp\/v2\/product"}],"about":[{"href":"https:\/\/alepposhop.eu\/de\/wp-json\/wp\/v2\/types\/product"}],"wp:featuredmedia":[{"embeddable":true,"href":"https:\/\/alepposhop.eu\/de\/wp-json\/wp\/v2\/media\/6791"}],"wp:attachment":[{"href":"https:\/\/alepposhop.eu\/de\/wp-json\/wp\/v2\/media?parent=9476"}],"wp:term":[{"taxonomy":"product_brand","embeddable":true,"href":"https:\/\/alepposhop.eu\/de\/wp-json\/wp\/v2\/product_brand?post=9476"},{"taxonomy":"product_cat","embeddable":true,"href":"https:\/\/alepposhop.eu\/de\/wp-json\/wp\/v2\/product_cat?post=9476"},{"taxonomy":"product_tag","embeddable":true,"href":"https:\/\/alepposhop.eu\/de\/wp-json\/wp\/v2\/product_tag?post=9476"}],"curies":[{"name":"wp","href":"https:\/\/api.w.org\/{rel}","templated":true}]}}