{"id":9504,"date":"2021-07-22T20:52:13","date_gmt":"2021-06-18T20:14:31","guid":{"rendered":"http:\/\/alepposhop.eu\/product\/unkategorisiert\/gebratene-weizensamen\/"},"modified":"2025-02-02T23:00:22","modified_gmt":"2025-02-02T22:00:22","slug":"gebratene-weizensamen","status":"publish","type":"product","link":"https:\/\/alepposhop.eu\/de\/gebratene-weizensamen\/","title":{"rendered":"Gebratene Weizensamen"},"content":{"rendered":"<p style=\"text-align: center\">\u00a0Gewicht : 250 g<\/p>\n<p style=\"text-align: center\">Gebratene Weizenk\u00f6rner und mit leckere Gew\u00fcrzen \u00fcberschwemmt<\/p>\n<p style=\"text-align: center\">\n","protected":false},"excerpt":{"rendered":"<p>Weizen, Weizen, Mond, Burger, N\u00fcsse, Zitrusfr\u00fcchte<\/p>\n","protected":false},"featured_media":6819,"template":"","meta":[],"product_brand":[],"product_cat":[73],"product_tag":[],"class_list":{"0":"post-9504","1":"product","2":"type-product","3":"status-publish","4":"has-post-thumbnail","6":"product_cat-bonbons-und-kekse","8":"first","9":"instock","10":"taxable","11":"shipping-taxable","12":"purchasable","13":"product-type-simple"},"_links":{"self":[{"href":"https:\/\/alepposhop.eu\/de\/wp-json\/wp\/v2\/product\/9504"}],"collection":[{"href":"https:\/\/alepposhop.eu\/de\/wp-json\/wp\/v2\/product"}],"about":[{"href":"https:\/\/alepposhop.eu\/de\/wp-json\/wp\/v2\/types\/product"}],"wp:featuredmedia":[{"embeddable":true,"href":"https:\/\/alepposhop.eu\/de\/wp-json\/wp\/v2\/media\/6819"}],"wp:attachment":[{"href":"https:\/\/alepposhop.eu\/de\/wp-json\/wp\/v2\/media?parent=9504"}],"wp:term":[{"taxonomy":"product_brand","embeddable":true,"href":"https:\/\/alepposhop.eu\/de\/wp-json\/wp\/v2\/product_brand?post=9504"},{"taxonomy":"product_cat","embeddable":true,"href":"https:\/\/alepposhop.eu\/de\/wp-json\/wp\/v2\/product_cat?post=9504"},{"taxonomy":"product_tag","embeddable":true,"href":"https:\/\/alepposhop.eu\/de\/wp-json\/wp\/v2\/product_tag?post=9504"}],"curies":[{"name":"wp","href":"https:\/\/api.w.org\/{rel}","templated":true}]}}