{"id":9512,"date":"2021-07-22T13:24:29","date_gmt":"2021-06-28T17:42:05","guid":{"rendered":"http:\/\/alepposhop.eu\/product\/unkategorisiert\/weiche-termine\/"},"modified":"2021-09-30T12:27:29","modified_gmt":"2021-09-30T10:27:29","slug":"weiche-termine","status":"publish","type":"product","link":"https:\/\/alepposhop.eu\/de\/weiche-termine\/","title":{"rendered":"Weiche Termine"},"content":{"rendered":"<p style=\"text-align: center;\">\u00a0Gewicht : 600 g<\/p>\n<p style=\"text-align: center;\">Die Fr\u00fcchte von Terminen in nass vor der F\u00e4lligkeit und voller Fl\u00fcssigkeit<\/p>\n<p style=\"text-align: center;\">\n","protected":false},"excerpt":{"rendered":"<p>Nass, Pass, S\u00fc\u00df, Obst, Ramadan<\/p>\n","protected":false},"featured_media":6827,"template":"","meta":[],"product_brand":[],"product_cat":[73],"product_tag":[],"class_list":{"0":"post-9512","1":"product","2":"type-product","3":"status-publish","4":"has-post-thumbnail","6":"product_cat-bonbons-und-kekse","8":"first","9":"outofstock","10":"taxable","11":"shipping-taxable","12":"purchasable","13":"product-type-simple"},"_links":{"self":[{"href":"https:\/\/alepposhop.eu\/de\/wp-json\/wp\/v2\/product\/9512"}],"collection":[{"href":"https:\/\/alepposhop.eu\/de\/wp-json\/wp\/v2\/product"}],"about":[{"href":"https:\/\/alepposhop.eu\/de\/wp-json\/wp\/v2\/types\/product"}],"wp:featuredmedia":[{"embeddable":true,"href":"https:\/\/alepposhop.eu\/de\/wp-json\/wp\/v2\/media\/6827"}],"wp:attachment":[{"href":"https:\/\/alepposhop.eu\/de\/wp-json\/wp\/v2\/media?parent=9512"}],"wp:term":[{"taxonomy":"product_brand","embeddable":true,"href":"https:\/\/alepposhop.eu\/de\/wp-json\/wp\/v2\/product_brand?post=9512"},{"taxonomy":"product_cat","embeddable":true,"href":"https:\/\/alepposhop.eu\/de\/wp-json\/wp\/v2\/product_cat?post=9512"},{"taxonomy":"product_tag","embeddable":true,"href":"https:\/\/alepposhop.eu\/de\/wp-json\/wp\/v2\/product_tag?post=9512"}],"curies":[{"name":"wp","href":"https:\/\/api.w.org\/{rel}","templated":true}]}}