{"id":9516,"date":"2021-07-02T04:59:32","date_gmt":"2023-03-31T02:15:53","guid":{"rendered":"http:\/\/alepposhop.eu\/product\/unkategorisiert\/kuerbismarmelade\/"},"modified":"2025-02-17T01:29:02","modified_gmt":"2025-02-17T00:29:02","slug":"kuerbis-jam","status":"publish","type":"product","link":"https:\/\/alepposhop.eu\/de\/kuerbis-jam\/","title":{"rendered":"K\u00fcrbisjam"},"content":{"rendered":"<p style=\"text-align: center\">g Gewicht: 500<\/p>\n<p style=\"text-align: center\">Leckere K\u00fcrbisscheiben mit Zucker gekocht (K\u00fcrbismarmelade)<\/p>\n<p style=\"text-align: center\">Eine der ber\u00fchmtesten Jam in Syrien, die zu besonderen Anl\u00e4ssen und Feiertagen serviert wird<\/p>\n","protected":false},"excerpt":{"rendered":"<p>Jam, K\u00fcrbis, Fr\u00fchst\u00fcck, s\u00fc\u00df, S\u00fc\u00dfigkeiten<\/p>\n","protected":false},"featured_media":6831,"template":"","meta":[],"product_brand":[],"product_cat":[73],"product_tag":[],"class_list":{"0":"post-9516","1":"product","2":"type-product","3":"status-publish","4":"has-post-thumbnail","6":"product_cat-bonbons-und-kekse","8":"first","9":"instock","10":"taxable","11":"shipping-taxable","12":"purchasable","13":"product-type-simple"},"_links":{"self":[{"href":"https:\/\/alepposhop.eu\/de\/wp-json\/wp\/v2\/product\/9516"}],"collection":[{"href":"https:\/\/alepposhop.eu\/de\/wp-json\/wp\/v2\/product"}],"about":[{"href":"https:\/\/alepposhop.eu\/de\/wp-json\/wp\/v2\/types\/product"}],"wp:featuredmedia":[{"embeddable":true,"href":"https:\/\/alepposhop.eu\/de\/wp-json\/wp\/v2\/media\/6831"}],"wp:attachment":[{"href":"https:\/\/alepposhop.eu\/de\/wp-json\/wp\/v2\/media?parent=9516"}],"wp:term":[{"taxonomy":"product_brand","embeddable":true,"href":"https:\/\/alepposhop.eu\/de\/wp-json\/wp\/v2\/product_brand?post=9516"},{"taxonomy":"product_cat","embeddable":true,"href":"https:\/\/alepposhop.eu\/de\/wp-json\/wp\/v2\/product_cat?post=9516"},{"taxonomy":"product_tag","embeddable":true,"href":"https:\/\/alepposhop.eu\/de\/wp-json\/wp\/v2\/product_tag?post=9516"}],"curies":[{"name":"wp","href":"https:\/\/api.w.org\/{rel}","templated":true}]}}