{"id":9528,"date":"2021-07-17T03:16:10","date_gmt":"2021-06-02T17:34:53","guid":{"rendered":"http:\/\/alepposhop.eu\/product\/unkategorisiert\/erfrischungsgetraenk-khazna-fruechte\/"},"modified":"2025-09-27T11:04:49","modified_gmt":"2025-09-27T09:04:49","slug":"erfrischungsgetraenk-khazna-fruechte","status":"publish","type":"product","link":"https:\/\/alepposhop.eu\/de\/erfrischungsgetraenk-khazna-fruechte\/","title":{"rendered":"sp\u00fcdelgetr\u00e4nk Khazna (Fr\u00fcchte)"},"content":{"rendered":"<p style=\"text-align: center\">\u00a0Gewicht : 250 ml<\/p>\n<p style=\"text-align: center\">Ein Tablett mit Fr\u00fcchten aus einem Safe<\/p>\n<p style=\"text-align: center\">\n","protected":false},"excerpt":{"rendered":"<p>Ghazi-Trinken, Kassierer Safe, Sirup Safe<\/p>\n","protected":false},"featured_media":39361,"template":"","meta":[],"product_brand":[],"product_cat":[74],"product_tag":[],"class_list":{"0":"post-9528","1":"product","2":"type-product","3":"status-publish","4":"has-post-thumbnail","6":"product_cat-getranke-und-safte","8":"first","9":"instock","10":"taxable","11":"shipping-taxable","12":"purchasable","13":"product-type-simple"},"_links":{"self":[{"href":"https:\/\/alepposhop.eu\/de\/wp-json\/wp\/v2\/product\/9528"}],"collection":[{"href":"https:\/\/alepposhop.eu\/de\/wp-json\/wp\/v2\/product"}],"about":[{"href":"https:\/\/alepposhop.eu\/de\/wp-json\/wp\/v2\/types\/product"}],"wp:featuredmedia":[{"embeddable":true,"href":"https:\/\/alepposhop.eu\/de\/wp-json\/wp\/v2\/media\/39361"}],"wp:attachment":[{"href":"https:\/\/alepposhop.eu\/de\/wp-json\/wp\/v2\/media?parent=9528"}],"wp:term":[{"taxonomy":"product_brand","embeddable":true,"href":"https:\/\/alepposhop.eu\/de\/wp-json\/wp\/v2\/product_brand?post=9528"},{"taxonomy":"product_cat","embeddable":true,"href":"https:\/\/alepposhop.eu\/de\/wp-json\/wp\/v2\/product_cat?post=9528"},{"taxonomy":"product_tag","embeddable":true,"href":"https:\/\/alepposhop.eu\/de\/wp-json\/wp\/v2\/product_tag?post=9528"}],"curies":[{"name":"wp","href":"https:\/\/api.w.org\/{rel}","templated":true}]}}