{"id":9536,"date":"2021-06-10T15:29:24","date_gmt":"2021-07-03T06:52:03","guid":{"rendered":"http:\/\/alepposhop.eu\/product\/unkategorisiert\/natuerlicher-kumpel-bibori\/"},"modified":"2022-01-01T00:01:42","modified_gmt":"2021-12-31T23:01:42","slug":"natuerlicher-kumpel-bibori","status":"publish","type":"product","link":"https:\/\/alepposhop.eu\/de\/natuerlicher-kumpel-bibori\/","title":{"rendered":"Nat\u00fcrlicher Kumpel (Bibori)"},"content":{"rendered":"<p style=\"text-align: center;\">\u00a0Gewicht : 250 g<\/p>\n<p style=\"text-align: center;\">Das urspr\u00fcngliche argentinische Peperi enth\u00e4lt ein breites Spektrum an Pflanzenfahrzeugen und ist mit vielen gesundheitlichen Vorteilen verbunden<\/p>\n<p style=\"text-align: center;\">\n","protected":false},"excerpt":{"rendered":"<p>Mahnige, hei\u00dfe Getr\u00e4nke, Tee, Kr\u00e4uter<\/p>\n","protected":false},"featured_media":6851,"template":"","meta":[],"product_brand":[],"product_cat":[2352],"product_tag":[],"class_list":{"0":"post-9536","1":"product","2":"type-product","3":"status-publish","4":"has-post-thumbnail","6":"product_cat-warme-getraenke","8":"first","9":"instock","10":"taxable","11":"shipping-taxable","12":"purchasable","13":"product-type-simple"},"_links":{"self":[{"href":"https:\/\/alepposhop.eu\/de\/wp-json\/wp\/v2\/product\/9536"}],"collection":[{"href":"https:\/\/alepposhop.eu\/de\/wp-json\/wp\/v2\/product"}],"about":[{"href":"https:\/\/alepposhop.eu\/de\/wp-json\/wp\/v2\/types\/product"}],"wp:featuredmedia":[{"embeddable":true,"href":"https:\/\/alepposhop.eu\/de\/wp-json\/wp\/v2\/media\/6851"}],"wp:attachment":[{"href":"https:\/\/alepposhop.eu\/de\/wp-json\/wp\/v2\/media?parent=9536"}],"wp:term":[{"taxonomy":"product_brand","embeddable":true,"href":"https:\/\/alepposhop.eu\/de\/wp-json\/wp\/v2\/product_brand?post=9536"},{"taxonomy":"product_cat","embeddable":true,"href":"https:\/\/alepposhop.eu\/de\/wp-json\/wp\/v2\/product_cat?post=9536"},{"taxonomy":"product_tag","embeddable":true,"href":"https:\/\/alepposhop.eu\/de\/wp-json\/wp\/v2\/product_tag?post=9536"}],"curies":[{"name":"wp","href":"https:\/\/api.w.org\/{rel}","templated":true}]}}