{"id":9552,"date":"2021-06-14T07:09:59","date_gmt":"2021-06-30T08:01:51","guid":{"rendered":"http:\/\/alepposhop.eu\/product\/unkategorisiert\/squeez-totti-fruti-tablett\/"},"modified":"2021-09-30T12:27:39","modified_gmt":"2021-09-30T10:27:39","slug":"squeez-totti-fruti-tablett","status":"publish","type":"product","link":"https:\/\/alepposhop.eu\/de\/squeez-totti-fruti-tablett\/","title":{"rendered":"Squeez Totti Fruti (Tablett)"},"content":{"rendered":"<p style=\"text-align: center;\">\u00a0Gewicht : 420 g<\/p>\n<p style=\"text-align: center;\">Eine Kiste mit 12 Umst\u00e4nden, Skinens, die Totti freuti mit Wasser vermischt und dient k\u00fchl, genug, um ein Liter eines erfrischenden Getr\u00e4nks vorzubereiten<\/p>\n<p style=\"text-align: center;\">\n","protected":false},"excerpt":{"rendered":"<p>Schnelle Saftzubereitung, Pulversaft, Skinensaft<\/p>\n","protected":false},"featured_media":6867,"template":"","meta":[],"product_brand":[],"product_cat":[74],"product_tag":[],"class_list":{"0":"post-9552","1":"product","2":"type-product","3":"status-publish","4":"has-post-thumbnail","6":"product_cat-getranke-und-safte","8":"first","9":"instock","10":"taxable","11":"shipping-taxable","12":"purchasable","13":"product-type-simple"},"_links":{"self":[{"href":"https:\/\/alepposhop.eu\/de\/wp-json\/wp\/v2\/product\/9552"}],"collection":[{"href":"https:\/\/alepposhop.eu\/de\/wp-json\/wp\/v2\/product"}],"about":[{"href":"https:\/\/alepposhop.eu\/de\/wp-json\/wp\/v2\/types\/product"}],"wp:featuredmedia":[{"embeddable":true,"href":"https:\/\/alepposhop.eu\/de\/wp-json\/wp\/v2\/media\/6867"}],"wp:attachment":[{"href":"https:\/\/alepposhop.eu\/de\/wp-json\/wp\/v2\/media?parent=9552"}],"wp:term":[{"taxonomy":"product_brand","embeddable":true,"href":"https:\/\/alepposhop.eu\/de\/wp-json\/wp\/v2\/product_brand?post=9552"},{"taxonomy":"product_cat","embeddable":true,"href":"https:\/\/alepposhop.eu\/de\/wp-json\/wp\/v2\/product_cat?post=9552"},{"taxonomy":"product_tag","embeddable":true,"href":"https:\/\/alepposhop.eu\/de\/wp-json\/wp\/v2\/product_tag?post=9552"}],"curies":[{"name":"wp","href":"https:\/\/api.w.org\/{rel}","templated":true}]}}