{"id":9592,"date":"2021-05-25T10:34:16","date_gmt":"2021-06-13T20:53:26","guid":{"rendered":"http:\/\/alepposhop.eu\/product\/unkategorisiert\/hamol-blaues-pulver\/"},"modified":"2021-09-30T12:27:47","modified_gmt":"2021-09-30T10:27:47","slug":"hamol-blaues-pulver","status":"publish","type":"product","link":"https:\/\/alepposhop.eu\/de\/hamol-blaues-pulver\/","title":{"rendered":"Hamol blaues Pulver"},"content":{"rendered":"<p style=\"text-align: center;\">\u00a0Gewicht : 150 g<\/p>\n<p style=\"text-align: center;\">Hamoul Puder f\u00fcr den K\u00f6rper mit einem feinen Duft, nett auf der Haut f\u00fcr Kinder<\/p>\n<p style=\"text-align: center;\">\n","protected":false},"excerpt":{"rendered":"<p>Pflege von Haut, Kosmetik, Kinderklang<\/p>\n","protected":false},"featured_media":6907,"template":"","meta":[],"product_brand":[],"product_cat":[75],"product_tag":[],"class_list":{"0":"post-9592","1":"product","2":"type-product","3":"status-publish","4":"has-post-thumbnail","6":"product_cat-schonheit-und-gesundheit","8":"first","9":"instock","10":"taxable","11":"shipping-taxable","12":"purchasable","13":"product-type-simple"},"_links":{"self":[{"href":"https:\/\/alepposhop.eu\/de\/wp-json\/wp\/v2\/product\/9592"}],"collection":[{"href":"https:\/\/alepposhop.eu\/de\/wp-json\/wp\/v2\/product"}],"about":[{"href":"https:\/\/alepposhop.eu\/de\/wp-json\/wp\/v2\/types\/product"}],"wp:featuredmedia":[{"embeddable":true,"href":"https:\/\/alepposhop.eu\/de\/wp-json\/wp\/v2\/media\/6907"}],"wp:attachment":[{"href":"https:\/\/alepposhop.eu\/de\/wp-json\/wp\/v2\/media?parent=9592"}],"wp:term":[{"taxonomy":"product_brand","embeddable":true,"href":"https:\/\/alepposhop.eu\/de\/wp-json\/wp\/v2\/product_brand?post=9592"},{"taxonomy":"product_cat","embeddable":true,"href":"https:\/\/alepposhop.eu\/de\/wp-json\/wp\/v2\/product_cat?post=9592"},{"taxonomy":"product_tag","embeddable":true,"href":"https:\/\/alepposhop.eu\/de\/wp-json\/wp\/v2\/product_tag?post=9592"}],"curies":[{"name":"wp","href":"https:\/\/api.w.org\/{rel}","templated":true}]}}