{"id":9596,"date":"2021-06-07T12:54:57","date_gmt":"2021-06-09T12:58:34","guid":{"rendered":"http:\/\/alepposhop.eu\/product\/unkategorisiert\/hamol-weisses-pulver\/"},"modified":"2021-09-30T12:27:48","modified_gmt":"2021-09-30T10:27:48","slug":"hamol-weisses-pulver","status":"publish","type":"product","link":"https:\/\/alepposhop.eu\/de\/hamol-weisses-pulver\/","title":{"rendered":"Hamol wei\u00dfes Pulver"},"content":{"rendered":"<p style=\"text-align: center;\">\u00a0Gewicht : 200 g<\/p>\n<p style=\"text-align: center;\">Hamoul Puder f\u00fcr den K\u00f6rper mit einem feinen Duft, nett auf der Haut f\u00fcr Kinder und Camkai<\/p>\n<p style=\"text-align: center;\">\n","protected":false},"excerpt":{"rendered":"<p>Pflege, Kosmetika, Babypulver<\/p>\n","protected":false},"featured_media":6911,"template":"","meta":[],"product_brand":[],"product_cat":[75],"product_tag":[],"class_list":{"0":"post-9596","1":"product","2":"type-product","3":"status-publish","4":"has-post-thumbnail","6":"product_cat-schonheit-und-gesundheit","8":"first","9":"outofstock","10":"taxable","11":"shipping-taxable","12":"purchasable","13":"product-type-simple"},"_links":{"self":[{"href":"https:\/\/alepposhop.eu\/de\/wp-json\/wp\/v2\/product\/9596"}],"collection":[{"href":"https:\/\/alepposhop.eu\/de\/wp-json\/wp\/v2\/product"}],"about":[{"href":"https:\/\/alepposhop.eu\/de\/wp-json\/wp\/v2\/types\/product"}],"wp:featuredmedia":[{"embeddable":true,"href":"https:\/\/alepposhop.eu\/de\/wp-json\/wp\/v2\/media\/6911"}],"wp:attachment":[{"href":"https:\/\/alepposhop.eu\/de\/wp-json\/wp\/v2\/media?parent=9596"}],"wp:term":[{"taxonomy":"product_brand","embeddable":true,"href":"https:\/\/alepposhop.eu\/de\/wp-json\/wp\/v2\/product_brand?post=9596"},{"taxonomy":"product_cat","embeddable":true,"href":"https:\/\/alepposhop.eu\/de\/wp-json\/wp\/v2\/product_cat?post=9596"},{"taxonomy":"product_tag","embeddable":true,"href":"https:\/\/alepposhop.eu\/de\/wp-json\/wp\/v2\/product_tag?post=9596"}],"curies":[{"name":"wp","href":"https:\/\/api.w.org\/{rel}","templated":true}]}}