{"id":9604,"date":"2021-08-04T02:22:13","date_gmt":"2021-07-08T21:07:57","guid":{"rendered":"http:\/\/alepposhop.eu\/product\/unkategorisiert\/oel-von-dabar-amla\/"},"modified":"2021-11-09T23:00:15","modified_gmt":"2021-11-09T22:00:15","slug":"oel-von-dabar-amla","status":"publish","type":"product","link":"https:\/\/alepposhop.eu\/de\/oel-von-dabar-amla\/","title":{"rendered":"\u00d6l von Dabar AMLA"},"content":{"rendered":"<p style=\"text-align: center;\">\u00a0Gewicht : 240 g<\/p>\n<p style=\"text-align: center;\">Dabar-\u00d6l HReats-nat\u00fcrliche Materialien, die das Haar von innen f\u00fcttern und das Wachstum von Haarfollikeln stimulieren<\/p>\n<p style=\"text-align: center;\">\n","protected":false},"excerpt":{"rendered":"<p>Dabar-\u00d6lamla, Haar\u00f6l, Haarpflege, \u00d6le<\/p>\n","protected":false},"featured_media":6919,"template":"","meta":[],"product_brand":[],"product_cat":[75],"product_tag":[],"class_list":{"0":"post-9604","1":"product","2":"type-product","3":"status-publish","4":"has-post-thumbnail","6":"product_cat-schonheit-und-gesundheit","8":"first","9":"outofstock","10":"taxable","11":"shipping-taxable","12":"purchasable","13":"product-type-simple"},"_links":{"self":[{"href":"https:\/\/alepposhop.eu\/de\/wp-json\/wp\/v2\/product\/9604"}],"collection":[{"href":"https:\/\/alepposhop.eu\/de\/wp-json\/wp\/v2\/product"}],"about":[{"href":"https:\/\/alepposhop.eu\/de\/wp-json\/wp\/v2\/types\/product"}],"wp:featuredmedia":[{"embeddable":true,"href":"https:\/\/alepposhop.eu\/de\/wp-json\/wp\/v2\/media\/6919"}],"wp:attachment":[{"href":"https:\/\/alepposhop.eu\/de\/wp-json\/wp\/v2\/media?parent=9604"}],"wp:term":[{"taxonomy":"product_brand","embeddable":true,"href":"https:\/\/alepposhop.eu\/de\/wp-json\/wp\/v2\/product_brand?post=9604"},{"taxonomy":"product_cat","embeddable":true,"href":"https:\/\/alepposhop.eu\/de\/wp-json\/wp\/v2\/product_cat?post=9604"},{"taxonomy":"product_tag","embeddable":true,"href":"https:\/\/alepposhop.eu\/de\/wp-json\/wp\/v2\/product_tag?post=9604"}],"curies":[{"name":"wp","href":"https:\/\/api.w.org\/{rel}","templated":true}]}}