{"id":9608,"date":"2021-06-12T20:27:54","date_gmt":"2021-08-07T06:48:06","guid":{"rendered":"http:\/\/alepposhop.eu\/product\/unkategorisiert\/luban-al-zakar\/"},"modified":"2023-10-30T00:22:10","modified_gmt":"2023-10-29T23:22:10","slug":"luban-al-zakar","status":"publish","type":"product","link":"https:\/\/alepposhop.eu\/de\/luban-al-zakar\/","title":{"rendered":"Luban Al Zakar."},"content":{"rendered":"<p style=\"text-align: center\">\u00a0Gewicht : 100 g<\/p>\n<p style=\"text-align: center\">Luban Al Zakar besteht aus \u00e4therischen \u00d6len und l\u00f6slichem Kaugummi, Luban Al Zakar gesundheitliche Vorteile bieten; Wo er in F\u00e4llen von Bauchinfusionen und Koliken verwendet hat<\/p>\n<p style=\"text-align: center\">\n","protected":false},"excerpt":{"rendered":"<p>K\u00f6rperpflege, Gesundheit und Sch\u00f6nheit<\/p>\n","protected":false},"featured_media":6923,"template":"","meta":[],"product_brand":[],"product_cat":[70,75],"product_tag":[],"class_list":{"0":"post-9608","1":"product","2":"type-product","3":"status-publish","4":"has-post-thumbnail","6":"product_cat-krauter-und-ptisan","7":"product_cat-schonheit-und-gesundheit","9":"first","10":"instock","11":"taxable","12":"shipping-taxable","13":"purchasable","14":"product-type-simple"},"_links":{"self":[{"href":"https:\/\/alepposhop.eu\/de\/wp-json\/wp\/v2\/product\/9608"}],"collection":[{"href":"https:\/\/alepposhop.eu\/de\/wp-json\/wp\/v2\/product"}],"about":[{"href":"https:\/\/alepposhop.eu\/de\/wp-json\/wp\/v2\/types\/product"}],"wp:featuredmedia":[{"embeddable":true,"href":"https:\/\/alepposhop.eu\/de\/wp-json\/wp\/v2\/media\/6923"}],"wp:attachment":[{"href":"https:\/\/alepposhop.eu\/de\/wp-json\/wp\/v2\/media?parent=9608"}],"wp:term":[{"taxonomy":"product_brand","embeddable":true,"href":"https:\/\/alepposhop.eu\/de\/wp-json\/wp\/v2\/product_brand?post=9608"},{"taxonomy":"product_cat","embeddable":true,"href":"https:\/\/alepposhop.eu\/de\/wp-json\/wp\/v2\/product_cat?post=9608"},{"taxonomy":"product_tag","embeddable":true,"href":"https:\/\/alepposhop.eu\/de\/wp-json\/wp\/v2\/product_tag?post=9608"}],"curies":[{"name":"wp","href":"https:\/\/api.w.org\/{rel}","templated":true}]}}