{"id":9616,"date":"2021-06-17T12:06:52","date_gmt":"2021-06-11T18:38:23","guid":{"rendered":"http:\/\/alepposhop.eu\/product\/unkategorisiert\/mim-haarschichten\/"},"modified":"2021-09-30T12:27:52","modified_gmt":"2021-09-30T10:27:52","slug":"mim-haarschichten","status":"publish","type":"product","link":"https:\/\/alepposhop.eu\/de\/mim-haarschichten\/","title":{"rendered":"MIM-Haarschichten."},"content":{"rendered":"<p style=\"text-align: center;\">\u00a0Gewicht : 90 g<\/p>\n<p style=\"text-align: center;\">MIM-Scheiben aus nat\u00fcrlicher S\u00fc\u00dfe, einfach zu bedienen und App und pflegen Frische und Hautgesundheit<\/p>\n<p style=\"text-align: center;\">\n","protected":false},"excerpt":{"rendered":"<p>Hautpflege, Kosmetik, Kosmetika<\/p>\n","protected":false},"featured_media":6931,"template":"","meta":[],"product_brand":[],"product_cat":[75],"product_tag":[],"class_list":{"0":"post-9616","1":"product","2":"type-product","3":"status-publish","4":"has-post-thumbnail","6":"product_cat-schonheit-und-gesundheit","8":"first","9":"instock","10":"taxable","11":"shipping-taxable","12":"purchasable","13":"product-type-simple"},"_links":{"self":[{"href":"https:\/\/alepposhop.eu\/de\/wp-json\/wp\/v2\/product\/9616"}],"collection":[{"href":"https:\/\/alepposhop.eu\/de\/wp-json\/wp\/v2\/product"}],"about":[{"href":"https:\/\/alepposhop.eu\/de\/wp-json\/wp\/v2\/types\/product"}],"wp:featuredmedia":[{"embeddable":true,"href":"https:\/\/alepposhop.eu\/de\/wp-json\/wp\/v2\/media\/6931"}],"wp:attachment":[{"href":"https:\/\/alepposhop.eu\/de\/wp-json\/wp\/v2\/media?parent=9616"}],"wp:term":[{"taxonomy":"product_brand","embeddable":true,"href":"https:\/\/alepposhop.eu\/de\/wp-json\/wp\/v2\/product_brand?post=9616"},{"taxonomy":"product_cat","embeddable":true,"href":"https:\/\/alepposhop.eu\/de\/wp-json\/wp\/v2\/product_cat?post=9616"},{"taxonomy":"product_tag","embeddable":true,"href":"https:\/\/alepposhop.eu\/de\/wp-json\/wp\/v2\/product_tag?post=9616"}],"curies":[{"name":"wp","href":"https:\/\/api.w.org\/{rel}","templated":true}]}}