{"id":9656,"date":"2021-07-11T15:40:01","date_gmt":"2021-07-24T12:28:24","guid":{"rendered":"http:\/\/alepposhop.eu\/product\/unkategorisiert\/sahne-zierson\/"},"modified":"2021-09-30T12:28:02","modified_gmt":"2021-09-30T10:28:02","slug":"sahne-zierson","status":"publish","type":"product","link":"https:\/\/alepposhop.eu\/de\/sahne-zierson\/","title":{"rendered":"Sahne Zierson."},"content":{"rendered":"<p style=\"text-align: center;\">\u00a0Gewicht : 30 g<\/p>\n<p style=\"text-align: center;\">Nat\u00fcrliche gesch\u00e4lte Creme zur Entfernung von Akne, Sommersprossen, Kost\u00fcmen und Hautfarbstoffen, um Reflexmaterialien zu enthalten, interagieren mit den S\u00e4uglingen in der Haut, arbeitet an der Wiederherstellung von Haut- und Totzellen<\/p>\n<p style=\"text-align: center;\">\n","protected":false},"excerpt":{"rendered":"<p>Cremes, Hautpflege, Sch\u00f6nheit &#038; Parfums, kosmetische Cremes<\/p>\n","protected":false},"featured_media":6971,"template":"","meta":[],"product_brand":[],"product_cat":[75],"product_tag":[],"class_list":{"0":"post-9656","1":"product","2":"type-product","3":"status-publish","4":"has-post-thumbnail","6":"product_cat-schonheit-und-gesundheit","8":"first","9":"instock","10":"taxable","11":"shipping-taxable","12":"purchasable","13":"product-type-simple"},"_links":{"self":[{"href":"https:\/\/alepposhop.eu\/de\/wp-json\/wp\/v2\/product\/9656"}],"collection":[{"href":"https:\/\/alepposhop.eu\/de\/wp-json\/wp\/v2\/product"}],"about":[{"href":"https:\/\/alepposhop.eu\/de\/wp-json\/wp\/v2\/types\/product"}],"wp:featuredmedia":[{"embeddable":true,"href":"https:\/\/alepposhop.eu\/de\/wp-json\/wp\/v2\/media\/6971"}],"wp:attachment":[{"href":"https:\/\/alepposhop.eu\/de\/wp-json\/wp\/v2\/media?parent=9656"}],"wp:term":[{"taxonomy":"product_brand","embeddable":true,"href":"https:\/\/alepposhop.eu\/de\/wp-json\/wp\/v2\/product_brand?post=9656"},{"taxonomy":"product_cat","embeddable":true,"href":"https:\/\/alepposhop.eu\/de\/wp-json\/wp\/v2\/product_cat?post=9656"},{"taxonomy":"product_tag","embeddable":true,"href":"https:\/\/alepposhop.eu\/de\/wp-json\/wp\/v2\/product_tag?post=9656"}],"curies":[{"name":"wp","href":"https:\/\/api.w.org\/{rel}","templated":true}]}}