{"id":9684,"date":"2021-06-02T19:00:55","date_gmt":"2021-05-29T05:39:10","guid":{"rendered":"http:\/\/alepposhop.eu\/product\/unkategorisiert\/sahne-hamol-fuer-kinder\/"},"modified":"2021-09-30T12:28:09","modified_gmt":"2021-09-30T10:28:09","slug":"sahne-hamol-fuer-kinder","status":"publish","type":"product","link":"https:\/\/alepposhop.eu\/de\/sahne-hamol-fuer-kinder\/","title":{"rendered":"Sahne-Hamol f\u00fcr Kinder"},"content":{"rendered":"<p style=\"text-align: center;\">\u00a0Gewicht : 40 g<\/p>\n<p style=\"text-align: center;\">Sahne Hamul f\u00fcr Kinder,<br \/>\nSch\u00fctzt die Haut des Kindes vor dem Rissen und der R\u00f6tung und verhindert das Gef\u00fchl der Haut und misst die D\u00fcrre und verdient eine weiche Ber\u00fchrung.<\/p>\n<p style=\"text-align: center;\">\n","protected":false},"excerpt":{"rendered":"<p>Cremes, Hautpflege, Sch\u00f6nheit &#038; Parfums, kosmetische Cremes, Kinderpflege, Kindercremes<\/p>\n","protected":false},"featured_media":6999,"template":"","meta":[],"product_brand":[],"product_cat":[75],"product_tag":[],"class_list":{"0":"post-9684","1":"product","2":"type-product","3":"status-publish","4":"has-post-thumbnail","6":"product_cat-schonheit-und-gesundheit","8":"first","9":"outofstock","10":"taxable","11":"shipping-taxable","12":"purchasable","13":"product-type-simple"},"_links":{"self":[{"href":"https:\/\/alepposhop.eu\/de\/wp-json\/wp\/v2\/product\/9684"}],"collection":[{"href":"https:\/\/alepposhop.eu\/de\/wp-json\/wp\/v2\/product"}],"about":[{"href":"https:\/\/alepposhop.eu\/de\/wp-json\/wp\/v2\/types\/product"}],"wp:featuredmedia":[{"embeddable":true,"href":"https:\/\/alepposhop.eu\/de\/wp-json\/wp\/v2\/media\/6999"}],"wp:attachment":[{"href":"https:\/\/alepposhop.eu\/de\/wp-json\/wp\/v2\/media?parent=9684"}],"wp:term":[{"taxonomy":"product_brand","embeddable":true,"href":"https:\/\/alepposhop.eu\/de\/wp-json\/wp\/v2\/product_brand?post=9684"},{"taxonomy":"product_cat","embeddable":true,"href":"https:\/\/alepposhop.eu\/de\/wp-json\/wp\/v2\/product_cat?post=9684"},{"taxonomy":"product_tag","embeddable":true,"href":"https:\/\/alepposhop.eu\/de\/wp-json\/wp\/v2\/product_tag?post=9684"}],"curies":[{"name":"wp","href":"https:\/\/api.w.org\/{rel}","templated":true}]}}